{"id":1754,"date":"2018-09-10T10:47:41","date_gmt":"2018-09-10T07:47:41","guid":{"rendered":"https:\/\/www.konstantinastudios.gr\/?page_id=1754"},"modified":"2021-02-09T12:34:22","modified_gmt":"2021-02-09T10:34:22","slug":"home","status":"publish","type":"page","link":"https:\/\/www.konstantinastudios.gr\/fr\/","title":{"rendered":"Page d&rsquo;accueil"},"content":{"rendered":"<p>Konstantina Studios consiste le choix id\u00e9al pour des vacances familiales \u00e0 Alonissos. Il s\u2019adresse \u00e0 des couples et des familles qui demandent des facilit\u00e9s modernes, de l\u2019esth\u00e9tique \u00e9lev\u00e9e, de la vue illimit\u00e9e sur la mer, de l\u2019acc\u00e8s imm\u00e9diat aux sites et aux plages de l\u2019\u00eele et avant tout de l\u2019hospitalit\u00e9 familiale. Ces studios \u00e0 Alonissos, compl\u00e8tement r\u00e9nov\u00e9s se trouvent \u00e0 une distance de 3km du port Patitiri.<\/p>\n","protected":false},"excerpt":{"rendered":"<p>Konstantina Studios consiste le choix id\u00e9al pour des vacances familiales \u00e0 Alonissos. Il s\u2019adresse \u00e0 des couples et des familles qui demandent des facilit\u00e9s modernes, de l\u2019esth\u00e9tique \u00e9lev\u00e9e, de la vue illimit\u00e9e sur la mer, de l\u2019acc\u00e8s imm\u00e9diat aux sites et aux plages de l\u2019\u00eele et avant tout de l\u2019hospitalit\u00e9 familiale. Ces studios \u00e0 Alonissos,<\/p>\n","protected":false},"author":2,"featured_media":0,"parent":0,"menu_order":0,"comment_status":"closed","ping_status":"closed","template":"","meta":{"_acf_changed":false,"footnotes":""},"class_list":["post-1754","page","type-page","status-publish","hentry"],"acf":[],"yoast_head":"<!-- This site is optimized with the Yoast SEO plugin v27.5 - https:\/\/yoast.com\/product\/yoast-seo-wordpress\/ -->\n<title>Page d&#039;accueil - Konstantina Studios<\/title>\n<meta name=\"robots\" content=\"index, follow, max-snippet:-1, max-image-preview:large, max-video-preview:-1\" \/>\n<link rel=\"canonical\" href=\"https:\/\/www.konstantinastudios.gr\/fr\/\" \/>\n<meta property=\"og:locale\" content=\"fr_FR\" \/>\n<meta property=\"og:type\" content=\"article\" \/>\n<meta property=\"og:title\" content=\"Page d&#039;accueil - Konstantina Studios\" \/>\n<meta property=\"og:description\" content=\"Konstantina Studios consiste le choix id\u00e9al pour des vacances familiales \u00e0 Alonissos. Il s\u2019adresse \u00e0 des couples et des familles qui demandent des facilit\u00e9s modernes, de l\u2019esth\u00e9tique \u00e9lev\u00e9e, de la vue illimit\u00e9e sur la mer, de l\u2019acc\u00e8s imm\u00e9diat aux sites et aux plages de l\u2019\u00eele et avant tout de l\u2019hospitalit\u00e9 familiale. Ces studios \u00e0 Alonissos,\" \/>\n<meta property=\"og:url\" content=\"https:\/\/www.konstantinastudios.gr\/fr\/\" \/>\n<meta property=\"og:site_name\" content=\"Konstantina Studios\" \/>\n<meta property=\"article:modified_time\" content=\"2021-02-09T10:34:22+00:00\" \/>\n<meta name=\"twitter:card\" content=\"summary_large_image\" \/>\n<script type=\"application\/ld+json\" class=\"yoast-schema-graph\">{\"@context\":\"https:\\\/\\\/schema.org\",\"@graph\":[{\"@type\":\"WebPage\",\"@id\":\"https:\\\/\\\/www.konstantinastudios.gr\\\/fr\\\/\",\"url\":\"https:\\\/\\\/www.konstantinastudios.gr\\\/fr\\\/\",\"name\":\"Page d'accueil - Konstantina Studios\",\"isPartOf\":{\"@id\":\"https:\\\/\\\/www.konstantinastudios.gr\\\/fr\\\/#website\"},\"datePublished\":\"2018-09-10T07:47:41+00:00\",\"dateModified\":\"2021-02-09T10:34:22+00:00\",\"breadcrumb\":{\"@id\":\"https:\\\/\\\/www.konstantinastudios.gr\\\/fr\\\/#breadcrumb\"},\"inLanguage\":\"fr-FR\",\"potentialAction\":[{\"@type\":\"ReadAction\",\"target\":[\"https:\\\/\\\/www.konstantinastudios.gr\\\/fr\\\/\"]}]},{\"@type\":\"BreadcrumbList\",\"@id\":\"https:\\\/\\\/www.konstantinastudios.gr\\\/fr\\\/#breadcrumb\",\"itemListElement\":[{\"@type\":\"ListItem\",\"position\":1,\"name\":\"Home\",\"item\":\"https:\\\/\\\/www.konstantinastudios.gr\\\/fr\\\/\"},{\"@type\":\"ListItem\",\"position\":2,\"name\":\"Page d&rsquo;accueil\"}]},{\"@type\":\"WebSite\",\"@id\":\"https:\\\/\\\/www.konstantinastudios.gr\\\/fr\\\/#website\",\"url\":\"https:\\\/\\\/www.konstantinastudios.gr\\\/fr\\\/\",\"name\":\"Konstantina Studios\",\"description\":\"Just another Nelios CMS4 site\",\"potentialAction\":[{\"@type\":\"SearchAction\",\"target\":{\"@type\":\"EntryPoint\",\"urlTemplate\":\"https:\\\/\\\/www.konstantinastudios.gr\\\/fr\\\/?s={search_term_string}\"},\"query-input\":{\"@type\":\"PropertyValueSpecification\",\"valueRequired\":true,\"valueName\":\"search_term_string\"}}],\"inLanguage\":\"fr-FR\"}]}<\/script>\n<!-- \/ Yoast SEO plugin. -->","yoast_head_json":{"title":"Page d'accueil - Konstantina Studios","robots":{"index":"index","follow":"follow","max-snippet":"max-snippet:-1","max-image-preview":"max-image-preview:large","max-video-preview":"max-video-preview:-1"},"canonical":"https:\/\/www.konstantinastudios.gr\/fr\/","og_locale":"fr_FR","og_type":"article","og_title":"Page d'accueil - Konstantina Studios","og_description":"Konstantina Studios consiste le choix id\u00e9al pour des vacances familiales \u00e0 Alonissos. Il s\u2019adresse \u00e0 des couples et des familles qui demandent des facilit\u00e9s modernes, de l\u2019esth\u00e9tique \u00e9lev\u00e9e, de la vue illimit\u00e9e sur la mer, de l\u2019acc\u00e8s imm\u00e9diat aux sites et aux plages de l\u2019\u00eele et avant tout de l\u2019hospitalit\u00e9 familiale. Ces studios \u00e0 Alonissos,","og_url":"https:\/\/www.konstantinastudios.gr\/fr\/","og_site_name":"Konstantina Studios","article_modified_time":"2021-02-09T10:34:22+00:00","twitter_card":"summary_large_image","schema":{"@context":"https:\/\/schema.org","@graph":[{"@type":"WebPage","@id":"https:\/\/www.konstantinastudios.gr\/fr\/","url":"https:\/\/www.konstantinastudios.gr\/fr\/","name":"Page d'accueil - Konstantina Studios","isPartOf":{"@id":"https:\/\/www.konstantinastudios.gr\/fr\/#website"},"datePublished":"2018-09-10T07:47:41+00:00","dateModified":"2021-02-09T10:34:22+00:00","breadcrumb":{"@id":"https:\/\/www.konstantinastudios.gr\/fr\/#breadcrumb"},"inLanguage":"fr-FR","potentialAction":[{"@type":"ReadAction","target":["https:\/\/www.konstantinastudios.gr\/fr\/"]}]},{"@type":"BreadcrumbList","@id":"https:\/\/www.konstantinastudios.gr\/fr\/#breadcrumb","itemListElement":[{"@type":"ListItem","position":1,"name":"Home","item":"https:\/\/www.konstantinastudios.gr\/fr\/"},{"@type":"ListItem","position":2,"name":"Page d&rsquo;accueil"}]},{"@type":"WebSite","@id":"https:\/\/www.konstantinastudios.gr\/fr\/#website","url":"https:\/\/www.konstantinastudios.gr\/fr\/","name":"Konstantina Studios","description":"Just another Nelios CMS4 site","potentialAction":[{"@type":"SearchAction","target":{"@type":"EntryPoint","urlTemplate":"https:\/\/www.konstantinastudios.gr\/fr\/?s={search_term_string}"},"query-input":{"@type":"PropertyValueSpecification","valueRequired":true,"valueName":"search_term_string"}}],"inLanguage":"fr-FR"}]}},"_links":{"self":[{"href":"https:\/\/www.konstantinastudios.gr\/fr\/wp-json\/wp\/v2\/pages\/1754","targetHints":{"allow":["GET"]}}],"collection":[{"href":"https:\/\/www.konstantinastudios.gr\/fr\/wp-json\/wp\/v2\/pages"}],"about":[{"href":"https:\/\/www.konstantinastudios.gr\/fr\/wp-json\/wp\/v2\/types\/page"}],"author":[{"embeddable":true,"href":"https:\/\/www.konstantinastudios.gr\/fr\/wp-json\/wp\/v2\/users\/2"}],"replies":[{"embeddable":true,"href":"https:\/\/www.konstantinastudios.gr\/fr\/wp-json\/wp\/v2\/comments?post=1754"}],"version-history":[{"count":2,"href":"https:\/\/www.konstantinastudios.gr\/fr\/wp-json\/wp\/v2\/pages\/1754\/revisions"}],"predecessor-version":[{"id":2456,"href":"https:\/\/www.konstantinastudios.gr\/fr\/wp-json\/wp\/v2\/pages\/1754\/revisions\/2456"}],"wp:attachment":[{"href":"https:\/\/www.konstantinastudios.gr\/fr\/wp-json\/wp\/v2\/media?parent=1754"}],"curies":[{"name":"wp","href":"https:\/\/api.w.org\/{rel}","templated":true}]}}