{"id":2249,"date":"2018-09-10T10:47:50","date_gmt":"2018-09-10T07:47:50","guid":{"rendered":"https:\/\/www.konstantinastudios.gr\/services\/"},"modified":"2023-06-26T09:21:18","modified_gmt":"2023-06-26T07:21:18","slug":"services","status":"publish","type":"page","link":"https:\/\/www.konstantinastudios.gr\/fr\/services\/","title":{"rendered":"Facilites et Services"},"content":{"rendered":"<p>Exemple d\u2019hospitalit\u00e9 grecque authentique!<\/p>\n<p>Konstantina Studios \u00e0 Chora sur l\u2019\u00eele d\u2019Alonissos, sont \u00ab\u00a0un balcon sur la mer \u00c9g\u00e9e\u00a0\u00bb, ils consistent le \u00ab\u00a0terme d\u2019hospitalit\u00e9\u00a0\u00bb d\u2019apr\u00e8s les commentaires de nos clients sur certains sites touristiques \u00e0 l\u2019internet, en exprimant leur point de vue concernant le niveau de notre hospitalit\u00e9. A part de la r\u00e9novation r\u00e9cente qui a fourni une sensation de fraicheur, de la qualit\u00e9 \u00e9lev\u00e9e et des facilit\u00e9s modernes \u00e0 tous les lieux d\u2019h\u00e9bergement, le s\u00e9jour \u00e0 Konstantina Boutique Studios offre des services personnalis\u00e9s qui vont faire vos vacances uniques.<\/p>\n<p>Point de r\u00e9f\u00e9rence de notre hospitalit\u00e9 est la mani\u00e8re d\u2019apr\u00e8s laquelle on accueille et on communique avec les amis qui nous pr\u00e9f\u00e8rent pour leurs vacances. Au lieu d\u2019une hospitalit\u00e9 typique qui couvre seulement vos besoins, ici vous allez rencontrer de l\u2019int\u00e9r\u00eat personnel et du soin d\u2019apr\u00e8s la r\u00e9putation de notre pays qui a d\u00e9fini Zeus comme son protecteur. Du d\u00e9but de votre s\u00e9jour vous allez comprendre que vous n\u2019\u00eates pas \u00e0 un h\u00e9bergement impersonnel, mais \u00e0 une compagnie, une famille qui vous consid\u00e8re comme ses membres et non comme\u2026 des clients.<\/p>\n","protected":false},"excerpt":{"rendered":"<p>Exemple d\u2019hospitalit\u00e9 grecque authentique! Konstantina Studios \u00e0 Chora sur l\u2019\u00eele d\u2019Alonissos, sont \u00ab\u00a0un balcon sur la mer \u00c9g\u00e9e\u00a0\u00bb, ils consistent le \u00ab\u00a0terme d\u2019hospitalit\u00e9\u00a0\u00bb d\u2019apr\u00e8s les commentaires de nos clients sur certains sites touristiques \u00e0 l\u2019internet, en exprimant leur point de vue concernant le niveau de notre hospitalit\u00e9. A part de la r\u00e9novation r\u00e9cente qui a<\/p>\n","protected":false},"author":2,"featured_media":2174,"parent":0,"menu_order":0,"comment_status":"closed","ping_status":"closed","template":"","meta":{"_acf_changed":false,"footnotes":""},"class_list":["post-2249","page","type-page","status-publish","has-post-thumbnail","hentry"],"acf":[],"yoast_head":"<!-- This site is optimized with the Yoast SEO plugin v27.4 - https:\/\/yoast.com\/product\/yoast-seo-wordpress\/ -->\n<title>Facilites et Services - Konstantina Studios<\/title>\n<meta name=\"robots\" content=\"index, follow, max-snippet:-1, max-image-preview:large, max-video-preview:-1\" \/>\n<link rel=\"canonical\" href=\"https:\/\/www.konstantinastudios.gr\/fr\/services\/\" \/>\n<meta property=\"og:locale\" content=\"fr_FR\" \/>\n<meta property=\"og:type\" content=\"article\" \/>\n<meta property=\"og:title\" content=\"Facilites et Services - Konstantina Studios\" \/>\n<meta property=\"og:description\" content=\"Exemple d\u2019hospitalit\u00e9 grecque authentique! Konstantina Studios \u00e0 Chora sur l\u2019\u00eele d\u2019Alonissos, sont \u00ab\u00a0un balcon sur la mer \u00c9g\u00e9e\u00a0\u00bb, ils consistent le \u00ab\u00a0terme d\u2019hospitalit\u00e9\u00a0\u00bb d\u2019apr\u00e8s les commentaires de nos clients sur certains sites touristiques \u00e0 l\u2019internet, en exprimant leur point de vue concernant le niveau de notre hospitalit\u00e9. A part de la r\u00e9novation r\u00e9cente qui a\" \/>\n<meta property=\"og:url\" content=\"https:\/\/www.konstantinastudios.gr\/fr\/services\/\" \/>\n<meta property=\"og:site_name\" content=\"Konstantina Studios\" \/>\n<meta property=\"article:modified_time\" content=\"2023-06-26T07:21:18+00:00\" \/>\n<meta property=\"og:image\" content=\"https:\/\/www.konstantinastudios.gr\/app\/uploads\/sites\/70\/2020\/11\/breakfast-area_resized.jpg\" \/>\n\t<meta property=\"og:image:width\" content=\"1717\" \/>\n\t<meta property=\"og:image:height\" content=\"1280\" \/>\n\t<meta property=\"og:image:type\" content=\"image\/jpeg\" \/>\n<meta name=\"twitter:card\" content=\"summary_large_image\" \/>\n<meta name=\"twitter:label1\" content=\"Dur\u00e9e de lecture estim\u00e9e\" \/>\n\t<meta name=\"twitter:data1\" content=\"1 minute\" \/>\n<script type=\"application\/ld+json\" class=\"yoast-schema-graph\">{\"@context\":\"https:\\\/\\\/schema.org\",\"@graph\":[{\"@type\":\"WebPage\",\"@id\":\"https:\\\/\\\/www.konstantinastudios.gr\\\/fr\\\/services\\\/\",\"url\":\"https:\\\/\\\/www.konstantinastudios.gr\\\/fr\\\/services\\\/\",\"name\":\"Facilites et Services - Konstantina Studios\",\"isPartOf\":{\"@id\":\"https:\\\/\\\/www.konstantinastudios.gr\\\/fr\\\/#website\"},\"primaryImageOfPage\":{\"@id\":\"https:\\\/\\\/www.konstantinastudios.gr\\\/fr\\\/services\\\/#primaryimage\"},\"image\":{\"@id\":\"https:\\\/\\\/www.konstantinastudios.gr\\\/fr\\\/services\\\/#primaryimage\"},\"thumbnailUrl\":\"https:\\\/\\\/www.konstantinastudios.gr\\\/app\\\/uploads\\\/sites\\\/70\\\/2020\\\/11\\\/breakfast-area_resized.jpg\",\"datePublished\":\"2018-09-10T07:47:50+00:00\",\"dateModified\":\"2023-06-26T07:21:18+00:00\",\"breadcrumb\":{\"@id\":\"https:\\\/\\\/www.konstantinastudios.gr\\\/fr\\\/services\\\/#breadcrumb\"},\"inLanguage\":\"fr-FR\",\"potentialAction\":[{\"@type\":\"ReadAction\",\"target\":[\"https:\\\/\\\/www.konstantinastudios.gr\\\/fr\\\/services\\\/\"]}]},{\"@type\":\"ImageObject\",\"inLanguage\":\"fr-FR\",\"@id\":\"https:\\\/\\\/www.konstantinastudios.gr\\\/fr\\\/services\\\/#primaryimage\",\"url\":\"https:\\\/\\\/www.konstantinastudios.gr\\\/app\\\/uploads\\\/sites\\\/70\\\/2020\\\/11\\\/breakfast-area_resized.jpg\",\"contentUrl\":\"https:\\\/\\\/www.konstantinastudios.gr\\\/app\\\/uploads\\\/sites\\\/70\\\/2020\\\/11\\\/breakfast-area_resized.jpg\",\"width\":1717,\"height\":1280},{\"@type\":\"BreadcrumbList\",\"@id\":\"https:\\\/\\\/www.konstantinastudios.gr\\\/fr\\\/services\\\/#breadcrumb\",\"itemListElement\":[{\"@type\":\"ListItem\",\"position\":1,\"name\":\"Home\",\"item\":\"https:\\\/\\\/www.konstantinastudios.gr\\\/fr\\\/\"},{\"@type\":\"ListItem\",\"position\":2,\"name\":\"Facilites et Services\"}]},{\"@type\":\"WebSite\",\"@id\":\"https:\\\/\\\/www.konstantinastudios.gr\\\/fr\\\/#website\",\"url\":\"https:\\\/\\\/www.konstantinastudios.gr\\\/fr\\\/\",\"name\":\"Konstantina Studios\",\"description\":\"Just another Nelios CMS4 site\",\"potentialAction\":[{\"@type\":\"SearchAction\",\"target\":{\"@type\":\"EntryPoint\",\"urlTemplate\":\"https:\\\/\\\/www.konstantinastudios.gr\\\/fr\\\/?s={search_term_string}\"},\"query-input\":{\"@type\":\"PropertyValueSpecification\",\"valueRequired\":true,\"valueName\":\"search_term_string\"}}],\"inLanguage\":\"fr-FR\"}]}<\/script>\n<!-- \/ Yoast SEO plugin. -->","yoast_head_json":{"title":"Facilites et Services - Konstantina Studios","robots":{"index":"index","follow":"follow","max-snippet":"max-snippet:-1","max-image-preview":"max-image-preview:large","max-video-preview":"max-video-preview:-1"},"canonical":"https:\/\/www.konstantinastudios.gr\/fr\/services\/","og_locale":"fr_FR","og_type":"article","og_title":"Facilites et Services - Konstantina Studios","og_description":"Exemple d\u2019hospitalit\u00e9 grecque authentique! Konstantina Studios \u00e0 Chora sur l\u2019\u00eele d\u2019Alonissos, sont \u00ab\u00a0un balcon sur la mer \u00c9g\u00e9e\u00a0\u00bb, ils consistent le \u00ab\u00a0terme d\u2019hospitalit\u00e9\u00a0\u00bb d\u2019apr\u00e8s les commentaires de nos clients sur certains sites touristiques \u00e0 l\u2019internet, en exprimant leur point de vue concernant le niveau de notre hospitalit\u00e9. A part de la r\u00e9novation r\u00e9cente qui a","og_url":"https:\/\/www.konstantinastudios.gr\/fr\/services\/","og_site_name":"Konstantina Studios","article_modified_time":"2023-06-26T07:21:18+00:00","og_image":[{"width":1717,"height":1280,"url":"https:\/\/www.konstantinastudios.gr\/app\/uploads\/sites\/70\/2020\/11\/breakfast-area_resized.jpg","type":"image\/jpeg"}],"twitter_card":"summary_large_image","twitter_misc":{"Dur\u00e9e de lecture estim\u00e9e":"1 minute"},"schema":{"@context":"https:\/\/schema.org","@graph":[{"@type":"WebPage","@id":"https:\/\/www.konstantinastudios.gr\/fr\/services\/","url":"https:\/\/www.konstantinastudios.gr\/fr\/services\/","name":"Facilites et Services - Konstantina Studios","isPartOf":{"@id":"https:\/\/www.konstantinastudios.gr\/fr\/#website"},"primaryImageOfPage":{"@id":"https:\/\/www.konstantinastudios.gr\/fr\/services\/#primaryimage"},"image":{"@id":"https:\/\/www.konstantinastudios.gr\/fr\/services\/#primaryimage"},"thumbnailUrl":"https:\/\/www.konstantinastudios.gr\/app\/uploads\/sites\/70\/2020\/11\/breakfast-area_resized.jpg","datePublished":"2018-09-10T07:47:50+00:00","dateModified":"2023-06-26T07:21:18+00:00","breadcrumb":{"@id":"https:\/\/www.konstantinastudios.gr\/fr\/services\/#breadcrumb"},"inLanguage":"fr-FR","potentialAction":[{"@type":"ReadAction","target":["https:\/\/www.konstantinastudios.gr\/fr\/services\/"]}]},{"@type":"ImageObject","inLanguage":"fr-FR","@id":"https:\/\/www.konstantinastudios.gr\/fr\/services\/#primaryimage","url":"https:\/\/www.konstantinastudios.gr\/app\/uploads\/sites\/70\/2020\/11\/breakfast-area_resized.jpg","contentUrl":"https:\/\/www.konstantinastudios.gr\/app\/uploads\/sites\/70\/2020\/11\/breakfast-area_resized.jpg","width":1717,"height":1280},{"@type":"BreadcrumbList","@id":"https:\/\/www.konstantinastudios.gr\/fr\/services\/#breadcrumb","itemListElement":[{"@type":"ListItem","position":1,"name":"Home","item":"https:\/\/www.konstantinastudios.gr\/fr\/"},{"@type":"ListItem","position":2,"name":"Facilites et Services"}]},{"@type":"WebSite","@id":"https:\/\/www.konstantinastudios.gr\/fr\/#website","url":"https:\/\/www.konstantinastudios.gr\/fr\/","name":"Konstantina Studios","description":"Just another Nelios CMS4 site","potentialAction":[{"@type":"SearchAction","target":{"@type":"EntryPoint","urlTemplate":"https:\/\/www.konstantinastudios.gr\/fr\/?s={search_term_string}"},"query-input":{"@type":"PropertyValueSpecification","valueRequired":true,"valueName":"search_term_string"}}],"inLanguage":"fr-FR"}]}},"_links":{"self":[{"href":"https:\/\/www.konstantinastudios.gr\/fr\/wp-json\/wp\/v2\/pages\/2249","targetHints":{"allow":["GET"]}}],"collection":[{"href":"https:\/\/www.konstantinastudios.gr\/fr\/wp-json\/wp\/v2\/pages"}],"about":[{"href":"https:\/\/www.konstantinastudios.gr\/fr\/wp-json\/wp\/v2\/types\/page"}],"author":[{"embeddable":true,"href":"https:\/\/www.konstantinastudios.gr\/fr\/wp-json\/wp\/v2\/users\/2"}],"replies":[{"embeddable":true,"href":"https:\/\/www.konstantinastudios.gr\/fr\/wp-json\/wp\/v2\/comments?post=2249"}],"version-history":[{"count":8,"href":"https:\/\/www.konstantinastudios.gr\/fr\/wp-json\/wp\/v2\/pages\/2249\/revisions"}],"predecessor-version":[{"id":5198,"href":"https:\/\/www.konstantinastudios.gr\/fr\/wp-json\/wp\/v2\/pages\/2249\/revisions\/5198"}],"wp:featuredmedia":[{"embeddable":true,"href":"https:\/\/www.konstantinastudios.gr\/fr\/wp-json\/wp\/v2\/media\/2174"}],"wp:attachment":[{"href":"https:\/\/www.konstantinastudios.gr\/fr\/wp-json\/wp\/v2\/media?parent=2249"}],"curies":[{"name":"wp","href":"https:\/\/api.w.org\/{rel}","templated":true}]}}