{"id":2314,"date":"2018-09-10T10:47:55","date_gmt":"2018-09-10T07:47:55","guid":{"rendered":"https:\/\/www.konstantinastudios.gr\/activities\/"},"modified":"2020-11-23T17:19:18","modified_gmt":"2020-11-23T15:19:18","slug":"activities","status":"publish","type":"page","link":"https:\/\/www.konstantinastudios.gr\/fr\/activities\/","title":{"rendered":"ACTIVIT\u00c9S"},"content":{"rendered":"<p>Connaitre Alonissos sous une autre perspective!<\/p>\n<p>Alonissos est une parmi les \u00eeles les plus belles et les plus connues de Sporades. C\u2019est pourquoi chaque ann\u00e9e elle est visit\u00e9e par de nombreux touristes venus du monde entier. Elle dispose tous les \u00e9l\u00e9ments qui le classent parmi les destinations grecques d\u2019\u00e9t\u00e9 les plus r\u00e9put\u00e9es. Une nature merveilleuse toute verte, des forets tr\u00e8s denses de pins, des plages splendides pures avec d\u2019eaux toutes bleues, des sites arch\u00e9ologiques, des infrastructures d\u2019hospitalit\u00e9 modernes et une cuisine traditionnelle r\u00e9put\u00e9e. En plus elle est class\u00e9e parmi les derniers paradis \u00e9cologiques, puisque \u00e0 part des paysages naturels tout \u00e0 fait inchang\u00e9s, elle consiste le point de d\u00e9part pour des visites \u00e0 l\u2019unique Parc Maritime de la Mer M\u00e9diterran\u00e9enne, un parmi les derniers abris du phoque Monachus-Monachus, qui est le point de rep\u00e8re le plus connu d\u2019Alonissos.<\/p>\n<p>A part de tous ces choix Konstantina Studios \u00e0 Chora sur l\u2019\u00eele d\u2019Alonissos vous propose aussi quelques autres activit\u00e9s en plein air alternatives et des propositions afin de d\u00e9couvrir la beaut\u00e9, la tradition et la personnalit\u00e9 de l\u2019\u00eele sous un autre aspect qui va vous impressionner.<\/p>\n","protected":false},"excerpt":{"rendered":"<p>Connaitre Alonissos sous une autre perspective! Alonissos est une parmi les \u00eeles les plus belles et les plus connues de Sporades. C\u2019est pourquoi chaque ann\u00e9e elle est visit\u00e9e par de nombreux touristes venus du monde entier. Elle dispose tous les \u00e9l\u00e9ments qui le classent parmi les destinations grecques d\u2019\u00e9t\u00e9 les plus r\u00e9put\u00e9es. Une nature merveilleuse<\/p>\n","protected":false},"author":2,"featured_media":2511,"parent":0,"menu_order":0,"comment_status":"closed","ping_status":"closed","template":"","meta":{"_acf_changed":false,"footnotes":""},"class_list":["post-2314","page","type-page","status-publish","has-post-thumbnail","hentry"],"acf":[],"yoast_head":"<!-- This site is optimized with the Yoast SEO plugin v27.5 - https:\/\/yoast.com\/product\/yoast-seo-wordpress\/ -->\n<title>ACTIVIT\u00c9S - Konstantina Studios<\/title>\n<meta name=\"robots\" content=\"index, follow, max-snippet:-1, max-image-preview:large, max-video-preview:-1\" \/>\n<link rel=\"canonical\" href=\"https:\/\/www.konstantinastudios.gr\/fr\/activities\/\" \/>\n<meta property=\"og:locale\" content=\"fr_FR\" \/>\n<meta property=\"og:type\" content=\"article\" \/>\n<meta property=\"og:title\" content=\"ACTIVIT\u00c9S - Konstantina Studios\" \/>\n<meta property=\"og:description\" content=\"Connaitre Alonissos sous une autre perspective! Alonissos est une parmi les \u00eeles les plus belles et les plus connues de Sporades. C\u2019est pourquoi chaque ann\u00e9e elle est visit\u00e9e par de nombreux touristes venus du monde entier. Elle dispose tous les \u00e9l\u00e9ments qui le classent parmi les destinations grecques d\u2019\u00e9t\u00e9 les plus r\u00e9put\u00e9es. Une nature merveilleuse\" \/>\n<meta property=\"og:url\" content=\"https:\/\/www.konstantinastudios.gr\/fr\/activities\/\" \/>\n<meta property=\"og:site_name\" content=\"Konstantina Studios\" \/>\n<meta property=\"article:modified_time\" content=\"2020-11-23T15:19:18+00:00\" \/>\n<meta property=\"og:image\" content=\"https:\/\/www.konstantinastudios.gr\/app\/uploads\/sites\/70\/2020\/11\/p8051234_resized.jpg\" \/>\n\t<meta property=\"og:image:width\" content=\"1706\" \/>\n\t<meta property=\"og:image:height\" content=\"1280\" \/>\n\t<meta property=\"og:image:type\" content=\"image\/jpeg\" \/>\n<meta name=\"twitter:card\" content=\"summary_large_image\" \/>\n<meta name=\"twitter:label1\" content=\"Dur\u00e9e de lecture estim\u00e9e\" \/>\n\t<meta name=\"twitter:data1\" content=\"1 minute\" \/>\n<script type=\"application\/ld+json\" class=\"yoast-schema-graph\">{\"@context\":\"https:\\\/\\\/schema.org\",\"@graph\":[{\"@type\":\"WebPage\",\"@id\":\"https:\\\/\\\/www.konstantinastudios.gr\\\/fr\\\/activities\\\/\",\"url\":\"https:\\\/\\\/www.konstantinastudios.gr\\\/fr\\\/activities\\\/\",\"name\":\"ACTIVIT\u00c9S - Konstantina Studios\",\"isPartOf\":{\"@id\":\"https:\\\/\\\/www.konstantinastudios.gr\\\/fr\\\/#website\"},\"primaryImageOfPage\":{\"@id\":\"https:\\\/\\\/www.konstantinastudios.gr\\\/fr\\\/activities\\\/#primaryimage\"},\"image\":{\"@id\":\"https:\\\/\\\/www.konstantinastudios.gr\\\/fr\\\/activities\\\/#primaryimage\"},\"thumbnailUrl\":\"https:\\\/\\\/www.konstantinastudios.gr\\\/app\\\/uploads\\\/sites\\\/70\\\/2020\\\/11\\\/p8051234_resized.jpg\",\"datePublished\":\"2018-09-10T07:47:55+00:00\",\"dateModified\":\"2020-11-23T15:19:18+00:00\",\"breadcrumb\":{\"@id\":\"https:\\\/\\\/www.konstantinastudios.gr\\\/fr\\\/activities\\\/#breadcrumb\"},\"inLanguage\":\"fr-FR\",\"potentialAction\":[{\"@type\":\"ReadAction\",\"target\":[\"https:\\\/\\\/www.konstantinastudios.gr\\\/fr\\\/activities\\\/\"]}]},{\"@type\":\"ImageObject\",\"inLanguage\":\"fr-FR\",\"@id\":\"https:\\\/\\\/www.konstantinastudios.gr\\\/fr\\\/activities\\\/#primaryimage\",\"url\":\"https:\\\/\\\/www.konstantinastudios.gr\\\/app\\\/uploads\\\/sites\\\/70\\\/2020\\\/11\\\/p8051234_resized.jpg\",\"contentUrl\":\"https:\\\/\\\/www.konstantinastudios.gr\\\/app\\\/uploads\\\/sites\\\/70\\\/2020\\\/11\\\/p8051234_resized.jpg\",\"width\":1706,\"height\":1280,\"caption\":\"OLYMPUS DIGITAL CAMERA\"},{\"@type\":\"BreadcrumbList\",\"@id\":\"https:\\\/\\\/www.konstantinastudios.gr\\\/fr\\\/activities\\\/#breadcrumb\",\"itemListElement\":[{\"@type\":\"ListItem\",\"position\":1,\"name\":\"Home\",\"item\":\"https:\\\/\\\/www.konstantinastudios.gr\\\/fr\\\/\"},{\"@type\":\"ListItem\",\"position\":2,\"name\":\"ACTIVIT\u00c9S\"}]},{\"@type\":\"WebSite\",\"@id\":\"https:\\\/\\\/www.konstantinastudios.gr\\\/fr\\\/#website\",\"url\":\"https:\\\/\\\/www.konstantinastudios.gr\\\/fr\\\/\",\"name\":\"Konstantina Studios\",\"description\":\"Just another Nelios CMS4 site\",\"potentialAction\":[{\"@type\":\"SearchAction\",\"target\":{\"@type\":\"EntryPoint\",\"urlTemplate\":\"https:\\\/\\\/www.konstantinastudios.gr\\\/fr\\\/?s={search_term_string}\"},\"query-input\":{\"@type\":\"PropertyValueSpecification\",\"valueRequired\":true,\"valueName\":\"search_term_string\"}}],\"inLanguage\":\"fr-FR\"}]}<\/script>\n<!-- \/ Yoast SEO plugin. -->","yoast_head_json":{"title":"ACTIVIT\u00c9S - Konstantina Studios","robots":{"index":"index","follow":"follow","max-snippet":"max-snippet:-1","max-image-preview":"max-image-preview:large","max-video-preview":"max-video-preview:-1"},"canonical":"https:\/\/www.konstantinastudios.gr\/fr\/activities\/","og_locale":"fr_FR","og_type":"article","og_title":"ACTIVIT\u00c9S - Konstantina Studios","og_description":"Connaitre Alonissos sous une autre perspective! Alonissos est une parmi les \u00eeles les plus belles et les plus connues de Sporades. C\u2019est pourquoi chaque ann\u00e9e elle est visit\u00e9e par de nombreux touristes venus du monde entier. Elle dispose tous les \u00e9l\u00e9ments qui le classent parmi les destinations grecques d\u2019\u00e9t\u00e9 les plus r\u00e9put\u00e9es. Une nature merveilleuse","og_url":"https:\/\/www.konstantinastudios.gr\/fr\/activities\/","og_site_name":"Konstantina Studios","article_modified_time":"2020-11-23T15:19:18+00:00","og_image":[{"width":1706,"height":1280,"url":"https:\/\/www.konstantinastudios.gr\/app\/uploads\/sites\/70\/2020\/11\/p8051234_resized.jpg","type":"image\/jpeg"}],"twitter_card":"summary_large_image","twitter_misc":{"Dur\u00e9e de lecture estim\u00e9e":"1 minute"},"schema":{"@context":"https:\/\/schema.org","@graph":[{"@type":"WebPage","@id":"https:\/\/www.konstantinastudios.gr\/fr\/activities\/","url":"https:\/\/www.konstantinastudios.gr\/fr\/activities\/","name":"ACTIVIT\u00c9S - Konstantina Studios","isPartOf":{"@id":"https:\/\/www.konstantinastudios.gr\/fr\/#website"},"primaryImageOfPage":{"@id":"https:\/\/www.konstantinastudios.gr\/fr\/activities\/#primaryimage"},"image":{"@id":"https:\/\/www.konstantinastudios.gr\/fr\/activities\/#primaryimage"},"thumbnailUrl":"https:\/\/www.konstantinastudios.gr\/app\/uploads\/sites\/70\/2020\/11\/p8051234_resized.jpg","datePublished":"2018-09-10T07:47:55+00:00","dateModified":"2020-11-23T15:19:18+00:00","breadcrumb":{"@id":"https:\/\/www.konstantinastudios.gr\/fr\/activities\/#breadcrumb"},"inLanguage":"fr-FR","potentialAction":[{"@type":"ReadAction","target":["https:\/\/www.konstantinastudios.gr\/fr\/activities\/"]}]},{"@type":"ImageObject","inLanguage":"fr-FR","@id":"https:\/\/www.konstantinastudios.gr\/fr\/activities\/#primaryimage","url":"https:\/\/www.konstantinastudios.gr\/app\/uploads\/sites\/70\/2020\/11\/p8051234_resized.jpg","contentUrl":"https:\/\/www.konstantinastudios.gr\/app\/uploads\/sites\/70\/2020\/11\/p8051234_resized.jpg","width":1706,"height":1280,"caption":"OLYMPUS DIGITAL CAMERA"},{"@type":"BreadcrumbList","@id":"https:\/\/www.konstantinastudios.gr\/fr\/activities\/#breadcrumb","itemListElement":[{"@type":"ListItem","position":1,"name":"Home","item":"https:\/\/www.konstantinastudios.gr\/fr\/"},{"@type":"ListItem","position":2,"name":"ACTIVIT\u00c9S"}]},{"@type":"WebSite","@id":"https:\/\/www.konstantinastudios.gr\/fr\/#website","url":"https:\/\/www.konstantinastudios.gr\/fr\/","name":"Konstantina Studios","description":"Just another Nelios CMS4 site","potentialAction":[{"@type":"SearchAction","target":{"@type":"EntryPoint","urlTemplate":"https:\/\/www.konstantinastudios.gr\/fr\/?s={search_term_string}"},"query-input":{"@type":"PropertyValueSpecification","valueRequired":true,"valueName":"search_term_string"}}],"inLanguage":"fr-FR"}]}},"_links":{"self":[{"href":"https:\/\/www.konstantinastudios.gr\/fr\/wp-json\/wp\/v2\/pages\/2314","targetHints":{"allow":["GET"]}}],"collection":[{"href":"https:\/\/www.konstantinastudios.gr\/fr\/wp-json\/wp\/v2\/pages"}],"about":[{"href":"https:\/\/www.konstantinastudios.gr\/fr\/wp-json\/wp\/v2\/types\/page"}],"author":[{"embeddable":true,"href":"https:\/\/www.konstantinastudios.gr\/fr\/wp-json\/wp\/v2\/users\/2"}],"replies":[{"embeddable":true,"href":"https:\/\/www.konstantinastudios.gr\/fr\/wp-json\/wp\/v2\/comments?post=2314"}],"version-history":[{"count":2,"href":"https:\/\/www.konstantinastudios.gr\/fr\/wp-json\/wp\/v2\/pages\/2314\/revisions"}],"predecessor-version":[{"id":2319,"href":"https:\/\/www.konstantinastudios.gr\/fr\/wp-json\/wp\/v2\/pages\/2314\/revisions\/2319"}],"wp:featuredmedia":[{"embeddable":true,"href":"https:\/\/www.konstantinastudios.gr\/fr\/wp-json\/wp\/v2\/media\/2511"}],"wp:attachment":[{"href":"https:\/\/www.konstantinastudios.gr\/fr\/wp-json\/wp\/v2\/media?parent=2314"}],"curies":[{"name":"wp","href":"https:\/\/api.w.org\/{rel}","templated":true}]}}