{"id":2323,"date":"2018-09-10T10:47:54","date_gmt":"2018-09-10T07:47:54","guid":{"rendered":"https:\/\/www.konstantinastudios.gr\/alonissos\/"},"modified":"2020-11-03T17:22:29","modified_gmt":"2020-11-03T15:22:29","slug":"alonissos","status":"publish","type":"page","link":"https:\/\/www.konstantinastudios.gr\/fr\/alonissos\/","title":{"rendered":"Alonissos"},"content":{"rendered":"<p>Alonissos: Un paradis \u00e9cologique.<\/p>\n<p>Alonissos appartient au complexe d\u2019\u00eele, nomm\u00e9 Sporades. Sa superficie totale touche les 64,5km et la longueur de ses plages touche les 67 km environ. Il s\u2019agit d\u2019une \u00eele avec une histoire tr\u00e8s riche qui compte des milliers d\u2019ann\u00e9es. Elle est class\u00e9e parmi les premi\u00e8res \u00eeles de la Mer \u00c9g\u00e9e \u00e0 \u00eatre habit\u00e9e. Des trouvailles dans la grotte fameuse de Cyclope prouvent l\u2019existence humaine depuis la neuvi\u00e8me mill\u00e9naire av.J.C. En plus des traces du lotissement n\u00e9olithique existent au pointe Kokkinokastro. Dans l\u2019antiquit\u00e9 elle a \u00e9t\u00e9 nomm\u00e9 Ikos. Les ann\u00e9es plus r\u00e9centes on la rencontre avec le nom Liadromia ou Iliodromia.<\/p>\n<p>Le nom Alonissos lui a \u00e9t\u00e9 accord\u00e9e en 1838 pendant la r\u00e8gne d\u2019Othon. Actuellement la population d\u2019Alonnisos compte 2750 habitants, d\u2019\u00e2pres le recensement de 2011 et s\u2019est consid\u00e9r\u00e9e comme une destination touristique tr\u00e8s fameuse. Le port de l\u2019\u00eele se trouve \u00e0 Patitiri qui est li\u00e9e en bateau avec Volos, Skiathos, Agios-Konstantinos et Kimi. Konstantina Studios se trouvent \u00e0 Chora \u00e0 une distance de 3km du port.<\/p>\n","protected":false},"excerpt":{"rendered":"<p>Alonissos: Un paradis \u00e9cologique. Alonissos appartient au complexe d\u2019\u00eele, nomm\u00e9 Sporades. Sa superficie totale touche les 64,5km et la longueur de ses plages touche les 67 km environ. Il s\u2019agit d\u2019une \u00eele avec une histoire tr\u00e8s riche qui compte des milliers d\u2019ann\u00e9es. Elle est class\u00e9e parmi les premi\u00e8res \u00eeles de la Mer \u00c9g\u00e9e \u00e0 \u00eatre<\/p>\n","protected":false},"author":2,"featured_media":2202,"parent":0,"menu_order":0,"comment_status":"closed","ping_status":"closed","template":"","meta":{"_acf_changed":false,"footnotes":""},"class_list":["post-2323","page","type-page","status-publish","has-post-thumbnail","hentry"],"acf":[],"yoast_head":"<!-- This site is optimized with the Yoast SEO plugin v27.5 - https:\/\/yoast.com\/product\/yoast-seo-wordpress\/ -->\n<title>Alonissos - Konstantina Studios<\/title>\n<meta name=\"robots\" content=\"index, follow, max-snippet:-1, max-image-preview:large, max-video-preview:-1\" \/>\n<link rel=\"canonical\" href=\"https:\/\/www.konstantinastudios.gr\/fr\/alonissos\/\" \/>\n<meta property=\"og:locale\" content=\"fr_FR\" \/>\n<meta property=\"og:type\" content=\"article\" \/>\n<meta property=\"og:title\" content=\"Alonissos - Konstantina Studios\" \/>\n<meta property=\"og:description\" content=\"Alonissos: Un paradis \u00e9cologique. Alonissos appartient au complexe d\u2019\u00eele, nomm\u00e9 Sporades. Sa superficie totale touche les 64,5km et la longueur de ses plages touche les 67 km environ. Il s\u2019agit d\u2019une \u00eele avec une histoire tr\u00e8s riche qui compte des milliers d\u2019ann\u00e9es. Elle est class\u00e9e parmi les premi\u00e8res \u00eeles de la Mer \u00c9g\u00e9e \u00e0 \u00eatre\" \/>\n<meta property=\"og:url\" content=\"https:\/\/www.konstantinastudios.gr\/fr\/alonissos\/\" \/>\n<meta property=\"og:site_name\" content=\"Konstantina Studios\" \/>\n<meta property=\"article:modified_time\" content=\"2020-11-03T15:22:29+00:00\" \/>\n<meta property=\"og:image\" content=\"https:\/\/www.konstantinastudios.gr\/app\/uploads\/sites\/70\/2020\/11\/konstantina-boutique-studios-balcony-views_resized.jpg\" \/>\n\t<meta property=\"og:image:width\" content=\"1920\" \/>\n\t<meta property=\"og:image:height\" content=\"1105\" \/>\n\t<meta property=\"og:image:type\" content=\"image\/jpeg\" \/>\n<meta name=\"twitter:card\" content=\"summary_large_image\" \/>\n<meta name=\"twitter:label1\" content=\"Dur\u00e9e de lecture estim\u00e9e\" \/>\n\t<meta name=\"twitter:data1\" content=\"1 minute\" \/>\n<script type=\"application\/ld+json\" class=\"yoast-schema-graph\">{\"@context\":\"https:\\\/\\\/schema.org\",\"@graph\":[{\"@type\":\"WebPage\",\"@id\":\"https:\\\/\\\/www.konstantinastudios.gr\\\/fr\\\/alonissos\\\/\",\"url\":\"https:\\\/\\\/www.konstantinastudios.gr\\\/fr\\\/alonissos\\\/\",\"name\":\"Alonissos - Konstantina Studios\",\"isPartOf\":{\"@id\":\"https:\\\/\\\/www.konstantinastudios.gr\\\/fr\\\/#website\"},\"primaryImageOfPage\":{\"@id\":\"https:\\\/\\\/www.konstantinastudios.gr\\\/fr\\\/alonissos\\\/#primaryimage\"},\"image\":{\"@id\":\"https:\\\/\\\/www.konstantinastudios.gr\\\/fr\\\/alonissos\\\/#primaryimage\"},\"thumbnailUrl\":\"https:\\\/\\\/www.konstantinastudios.gr\\\/app\\\/uploads\\\/sites\\\/70\\\/2020\\\/11\\\/konstantina-boutique-studios-balcony-views_resized.jpg\",\"datePublished\":\"2018-09-10T07:47:54+00:00\",\"dateModified\":\"2020-11-03T15:22:29+00:00\",\"breadcrumb\":{\"@id\":\"https:\\\/\\\/www.konstantinastudios.gr\\\/fr\\\/alonissos\\\/#breadcrumb\"},\"inLanguage\":\"fr-FR\",\"potentialAction\":[{\"@type\":\"ReadAction\",\"target\":[\"https:\\\/\\\/www.konstantinastudios.gr\\\/fr\\\/alonissos\\\/\"]}]},{\"@type\":\"ImageObject\",\"inLanguage\":\"fr-FR\",\"@id\":\"https:\\\/\\\/www.konstantinastudios.gr\\\/fr\\\/alonissos\\\/#primaryimage\",\"url\":\"https:\\\/\\\/www.konstantinastudios.gr\\\/app\\\/uploads\\\/sites\\\/70\\\/2020\\\/11\\\/konstantina-boutique-studios-balcony-views_resized.jpg\",\"contentUrl\":\"https:\\\/\\\/www.konstantinastudios.gr\\\/app\\\/uploads\\\/sites\\\/70\\\/2020\\\/11\\\/konstantina-boutique-studios-balcony-views_resized.jpg\",\"width\":1920,\"height\":1105},{\"@type\":\"BreadcrumbList\",\"@id\":\"https:\\\/\\\/www.konstantinastudios.gr\\\/fr\\\/alonissos\\\/#breadcrumb\",\"itemListElement\":[{\"@type\":\"ListItem\",\"position\":1,\"name\":\"Home\",\"item\":\"https:\\\/\\\/www.konstantinastudios.gr\\\/fr\\\/\"},{\"@type\":\"ListItem\",\"position\":2,\"name\":\"Alonissos\"}]},{\"@type\":\"WebSite\",\"@id\":\"https:\\\/\\\/www.konstantinastudios.gr\\\/fr\\\/#website\",\"url\":\"https:\\\/\\\/www.konstantinastudios.gr\\\/fr\\\/\",\"name\":\"Konstantina Studios\",\"description\":\"Just another Nelios CMS4 site\",\"potentialAction\":[{\"@type\":\"SearchAction\",\"target\":{\"@type\":\"EntryPoint\",\"urlTemplate\":\"https:\\\/\\\/www.konstantinastudios.gr\\\/fr\\\/?s={search_term_string}\"},\"query-input\":{\"@type\":\"PropertyValueSpecification\",\"valueRequired\":true,\"valueName\":\"search_term_string\"}}],\"inLanguage\":\"fr-FR\"}]}<\/script>\n<!-- \/ Yoast SEO plugin. -->","yoast_head_json":{"title":"Alonissos - Konstantina Studios","robots":{"index":"index","follow":"follow","max-snippet":"max-snippet:-1","max-image-preview":"max-image-preview:large","max-video-preview":"max-video-preview:-1"},"canonical":"https:\/\/www.konstantinastudios.gr\/fr\/alonissos\/","og_locale":"fr_FR","og_type":"article","og_title":"Alonissos - Konstantina Studios","og_description":"Alonissos: Un paradis \u00e9cologique. Alonissos appartient au complexe d\u2019\u00eele, nomm\u00e9 Sporades. Sa superficie totale touche les 64,5km et la longueur de ses plages touche les 67 km environ. Il s\u2019agit d\u2019une \u00eele avec une histoire tr\u00e8s riche qui compte des milliers d\u2019ann\u00e9es. Elle est class\u00e9e parmi les premi\u00e8res \u00eeles de la Mer \u00c9g\u00e9e \u00e0 \u00eatre","og_url":"https:\/\/www.konstantinastudios.gr\/fr\/alonissos\/","og_site_name":"Konstantina Studios","article_modified_time":"2020-11-03T15:22:29+00:00","og_image":[{"width":1920,"height":1105,"url":"https:\/\/www.konstantinastudios.gr\/app\/uploads\/sites\/70\/2020\/11\/konstantina-boutique-studios-balcony-views_resized.jpg","type":"image\/jpeg"}],"twitter_card":"summary_large_image","twitter_misc":{"Dur\u00e9e de lecture estim\u00e9e":"1 minute"},"schema":{"@context":"https:\/\/schema.org","@graph":[{"@type":"WebPage","@id":"https:\/\/www.konstantinastudios.gr\/fr\/alonissos\/","url":"https:\/\/www.konstantinastudios.gr\/fr\/alonissos\/","name":"Alonissos - Konstantina Studios","isPartOf":{"@id":"https:\/\/www.konstantinastudios.gr\/fr\/#website"},"primaryImageOfPage":{"@id":"https:\/\/www.konstantinastudios.gr\/fr\/alonissos\/#primaryimage"},"image":{"@id":"https:\/\/www.konstantinastudios.gr\/fr\/alonissos\/#primaryimage"},"thumbnailUrl":"https:\/\/www.konstantinastudios.gr\/app\/uploads\/sites\/70\/2020\/11\/konstantina-boutique-studios-balcony-views_resized.jpg","datePublished":"2018-09-10T07:47:54+00:00","dateModified":"2020-11-03T15:22:29+00:00","breadcrumb":{"@id":"https:\/\/www.konstantinastudios.gr\/fr\/alonissos\/#breadcrumb"},"inLanguage":"fr-FR","potentialAction":[{"@type":"ReadAction","target":["https:\/\/www.konstantinastudios.gr\/fr\/alonissos\/"]}]},{"@type":"ImageObject","inLanguage":"fr-FR","@id":"https:\/\/www.konstantinastudios.gr\/fr\/alonissos\/#primaryimage","url":"https:\/\/www.konstantinastudios.gr\/app\/uploads\/sites\/70\/2020\/11\/konstantina-boutique-studios-balcony-views_resized.jpg","contentUrl":"https:\/\/www.konstantinastudios.gr\/app\/uploads\/sites\/70\/2020\/11\/konstantina-boutique-studios-balcony-views_resized.jpg","width":1920,"height":1105},{"@type":"BreadcrumbList","@id":"https:\/\/www.konstantinastudios.gr\/fr\/alonissos\/#breadcrumb","itemListElement":[{"@type":"ListItem","position":1,"name":"Home","item":"https:\/\/www.konstantinastudios.gr\/fr\/"},{"@type":"ListItem","position":2,"name":"Alonissos"}]},{"@type":"WebSite","@id":"https:\/\/www.konstantinastudios.gr\/fr\/#website","url":"https:\/\/www.konstantinastudios.gr\/fr\/","name":"Konstantina Studios","description":"Just another Nelios CMS4 site","potentialAction":[{"@type":"SearchAction","target":{"@type":"EntryPoint","urlTemplate":"https:\/\/www.konstantinastudios.gr\/fr\/?s={search_term_string}"},"query-input":{"@type":"PropertyValueSpecification","valueRequired":true,"valueName":"search_term_string"}}],"inLanguage":"fr-FR"}]}},"_links":{"self":[{"href":"https:\/\/www.konstantinastudios.gr\/fr\/wp-json\/wp\/v2\/pages\/2323","targetHints":{"allow":["GET"]}}],"collection":[{"href":"https:\/\/www.konstantinastudios.gr\/fr\/wp-json\/wp\/v2\/pages"}],"about":[{"href":"https:\/\/www.konstantinastudios.gr\/fr\/wp-json\/wp\/v2\/types\/page"}],"author":[{"embeddable":true,"href":"https:\/\/www.konstantinastudios.gr\/fr\/wp-json\/wp\/v2\/users\/2"}],"replies":[{"embeddable":true,"href":"https:\/\/www.konstantinastudios.gr\/fr\/wp-json\/wp\/v2\/comments?post=2323"}],"version-history":[{"count":1,"href":"https:\/\/www.konstantinastudios.gr\/fr\/wp-json\/wp\/v2\/pages\/2323\/revisions"}],"predecessor-version":[{"id":2326,"href":"https:\/\/www.konstantinastudios.gr\/fr\/wp-json\/wp\/v2\/pages\/2323\/revisions\/2326"}],"wp:featuredmedia":[{"embeddable":true,"href":"https:\/\/www.konstantinastudios.gr\/fr\/wp-json\/wp\/v2\/media\/2202"}],"wp:attachment":[{"href":"https:\/\/www.konstantinastudios.gr\/fr\/wp-json\/wp\/v2\/media?parent=2323"}],"curies":[{"name":"wp","href":"https:\/\/api.w.org\/{rel}","templated":true}]}}