{"id":2356,"date":"2018-09-10T10:47:52","date_gmt":"2018-09-10T07:47:52","guid":{"rendered":"https:\/\/www.konstantinastudios.gr\/terms-conditions\/"},"modified":"2020-11-04T15:01:52","modified_gmt":"2020-11-04T13:01:52","slug":"terms-conditions","status":"publish","type":"page","link":"https:\/\/www.konstantinastudios.gr\/fr\/terms-conditions\/","title":{"rendered":"Termes &#038; Conditions"},"content":{"rendered":"<p><strong>Arriv\u00e9e: 14h00 &#8211; 23h30<\/p>\n<p><\/strong><\/p>\n<p><strong>D\u00e9part : 6h30 &#8211; 11h30<\/strong><\/p>\n<p>Bagagerie: Gratuit ! Disponible \u00e0 l&rsquo;arriv\u00e9e \/ au d\u00e9part et sans frais.<\/p>\n<p><strong>Annulation \/Pr\u00e9paiement \/ D\u00e9p\u00f4t de garantie<\/strong><\/p>\n<p>Les conditions d&rsquo;annulation et de pr\u00e9paiement varient en fonction du type de chambre.Veuillez saisir les dates de votre s\u00e9jour et consulter les conditions de la chambre choisie.<\/p>\n<p>Enfants et lits d&rsquo;appoint<\/p>\n<p>Tous les enfants sont les bienvenus.<\/p>\n<p>Gratuit ! Un enfant de moins de 6 an(s) s\u00e9journe \u00e0 titre gracieux pour l&rsquo;utilisation de la literie disponible.<\/p>\n<p>Aucun lit d&rsquo;appoint ne peut \u00eatre install\u00e9 dans la chambre.<\/p>\n<p><strong>Animaux domestiques<\/strong><\/p>\n<p>Les animaux de compagnie ne sont pas admis au sein de l&rsquo;\u00e9tablissement.<\/p>\n<p><strong>Cartes accept\u00e9es \u00e0 cet \u00e9tablissement<\/strong><\/p>\n<ul>\n<li>Esp\u00e8ces<\/li>\n<li>Visa<\/li>\n<li>Mastercard<\/li>\n<li>American Express<\/li>\n<li>Diners Club<\/li>\n<\/ul>\n<p>L&rsquo; \u00e9tablissement Konstantina Studios accepte ces cartes et se r\u00e9serve le droit d&rsquo;effectuer une pr\u00e9autorisation sur votre carte avant votre arriv\u00e9e.<\/p>\n","protected":false},"excerpt":{"rendered":"<p>Arriv\u00e9e: 14h00 &#8211; 23h30 D\u00e9part : 6h30 &#8211; 11h30 Bagagerie: Gratuit ! Disponible \u00e0 l&rsquo;arriv\u00e9e \/ au d\u00e9part et sans frais. Annulation \/Pr\u00e9paiement \/ D\u00e9p\u00f4t de garantie Les conditions d&rsquo;annulation et de pr\u00e9paiement varient en fonction du type de chambre.Veuillez saisir les dates de votre s\u00e9jour et consulter les conditions de la chambre choisie. Enfants<\/p>\n","protected":false},"author":2,"featured_media":2154,"parent":0,"menu_order":0,"comment_status":"closed","ping_status":"closed","template":"","meta":{"_acf_changed":false,"footnotes":""},"class_list":["post-2356","page","type-page","status-publish","has-post-thumbnail","hentry"],"acf":[],"yoast_head":"<!-- This site is optimized with the Yoast SEO plugin v27.3 - https:\/\/yoast.com\/product\/yoast-seo-wordpress\/ -->\n<title>Termes &amp; Conditions - Konstantina Studios<\/title>\n<meta name=\"robots\" content=\"index, follow, max-snippet:-1, max-image-preview:large, max-video-preview:-1\" \/>\n<link rel=\"canonical\" href=\"https:\/\/www.konstantinastudios.gr\/fr\/terms-conditions\/\" \/>\n<meta property=\"og:locale\" content=\"fr_FR\" \/>\n<meta property=\"og:type\" content=\"article\" \/>\n<meta property=\"og:title\" content=\"Termes &amp; Conditions - Konstantina Studios\" \/>\n<meta property=\"og:description\" content=\"Arriv\u00e9e: 14h00 &#8211; 23h30 D\u00e9part : 6h30 &#8211; 11h30 Bagagerie: Gratuit ! Disponible \u00e0 l&rsquo;arriv\u00e9e \/ au d\u00e9part et sans frais. Annulation \/Pr\u00e9paiement \/ D\u00e9p\u00f4t de garantie Les conditions d&rsquo;annulation et de pr\u00e9paiement varient en fonction du type de chambre.Veuillez saisir les dates de votre s\u00e9jour et consulter les conditions de la chambre choisie. Enfants\" \/>\n<meta property=\"og:url\" content=\"https:\/\/www.konstantinastudios.gr\/fr\/terms-conditions\/\" \/>\n<meta property=\"og:site_name\" content=\"Konstantina Studios\" \/>\n<meta property=\"article:modified_time\" content=\"2020-11-04T13:01:52+00:00\" \/>\n<meta property=\"og:image\" content=\"https:\/\/www.konstantinastudios.gr\/app\/uploads\/sites\/70\/2020\/11\/konstantina-studios-garden-breakfast-area_resized.jpg\" \/>\n\t<meta property=\"og:image:width\" content=\"1920\" \/>\n\t<meta property=\"og:image:height\" content=\"1245\" \/>\n\t<meta property=\"og:image:type\" content=\"image\/jpeg\" \/>\n<meta name=\"twitter:card\" content=\"summary_large_image\" \/>\n<meta name=\"twitter:label1\" content=\"Dur\u00e9e de lecture estim\u00e9e\" \/>\n\t<meta name=\"twitter:data1\" content=\"1 minute\" \/>\n<script type=\"application\/ld+json\" class=\"yoast-schema-graph\">{\"@context\":\"https:\\\/\\\/schema.org\",\"@graph\":[{\"@type\":\"WebPage\",\"@id\":\"https:\\\/\\\/www.konstantinastudios.gr\\\/fr\\\/terms-conditions\\\/\",\"url\":\"https:\\\/\\\/www.konstantinastudios.gr\\\/fr\\\/terms-conditions\\\/\",\"name\":\"Termes & Conditions - Konstantina Studios\",\"isPartOf\":{\"@id\":\"https:\\\/\\\/www.konstantinastudios.gr\\\/fr\\\/#website\"},\"primaryImageOfPage\":{\"@id\":\"https:\\\/\\\/www.konstantinastudios.gr\\\/fr\\\/terms-conditions\\\/#primaryimage\"},\"image\":{\"@id\":\"https:\\\/\\\/www.konstantinastudios.gr\\\/fr\\\/terms-conditions\\\/#primaryimage\"},\"thumbnailUrl\":\"https:\\\/\\\/www.konstantinastudios.gr\\\/app\\\/uploads\\\/sites\\\/70\\\/2020\\\/11\\\/konstantina-studios-garden-breakfast-area_resized.jpg\",\"datePublished\":\"2018-09-10T07:47:52+00:00\",\"dateModified\":\"2020-11-04T13:01:52+00:00\",\"breadcrumb\":{\"@id\":\"https:\\\/\\\/www.konstantinastudios.gr\\\/fr\\\/terms-conditions\\\/#breadcrumb\"},\"inLanguage\":\"fr-FR\",\"potentialAction\":[{\"@type\":\"ReadAction\",\"target\":[\"https:\\\/\\\/www.konstantinastudios.gr\\\/fr\\\/terms-conditions\\\/\"]}]},{\"@type\":\"ImageObject\",\"inLanguage\":\"fr-FR\",\"@id\":\"https:\\\/\\\/www.konstantinastudios.gr\\\/fr\\\/terms-conditions\\\/#primaryimage\",\"url\":\"https:\\\/\\\/www.konstantinastudios.gr\\\/app\\\/uploads\\\/sites\\\/70\\\/2020\\\/11\\\/konstantina-studios-garden-breakfast-area_resized.jpg\",\"contentUrl\":\"https:\\\/\\\/www.konstantinastudios.gr\\\/app\\\/uploads\\\/sites\\\/70\\\/2020\\\/11\\\/konstantina-studios-garden-breakfast-area_resized.jpg\",\"width\":1920,\"height\":1245},{\"@type\":\"BreadcrumbList\",\"@id\":\"https:\\\/\\\/www.konstantinastudios.gr\\\/fr\\\/terms-conditions\\\/#breadcrumb\",\"itemListElement\":[{\"@type\":\"ListItem\",\"position\":1,\"name\":\"Home\",\"item\":\"https:\\\/\\\/www.konstantinastudios.gr\\\/fr\\\/\"},{\"@type\":\"ListItem\",\"position\":2,\"name\":\"Termes &#038; Conditions\"}]},{\"@type\":\"WebSite\",\"@id\":\"https:\\\/\\\/www.konstantinastudios.gr\\\/fr\\\/#website\",\"url\":\"https:\\\/\\\/www.konstantinastudios.gr\\\/fr\\\/\",\"name\":\"Konstantina Studios\",\"description\":\"Just another Nelios CMS4 site\",\"potentialAction\":[{\"@type\":\"SearchAction\",\"target\":{\"@type\":\"EntryPoint\",\"urlTemplate\":\"https:\\\/\\\/www.konstantinastudios.gr\\\/fr\\\/?s={search_term_string}\"},\"query-input\":{\"@type\":\"PropertyValueSpecification\",\"valueRequired\":true,\"valueName\":\"search_term_string\"}}],\"inLanguage\":\"fr-FR\"}]}<\/script>\n<!-- \/ Yoast SEO plugin. -->","yoast_head_json":{"title":"Termes & Conditions - Konstantina Studios","robots":{"index":"index","follow":"follow","max-snippet":"max-snippet:-1","max-image-preview":"max-image-preview:large","max-video-preview":"max-video-preview:-1"},"canonical":"https:\/\/www.konstantinastudios.gr\/fr\/terms-conditions\/","og_locale":"fr_FR","og_type":"article","og_title":"Termes & Conditions - Konstantina Studios","og_description":"Arriv\u00e9e: 14h00 &#8211; 23h30 D\u00e9part : 6h30 &#8211; 11h30 Bagagerie: Gratuit ! Disponible \u00e0 l&rsquo;arriv\u00e9e \/ au d\u00e9part et sans frais. Annulation \/Pr\u00e9paiement \/ D\u00e9p\u00f4t de garantie Les conditions d&rsquo;annulation et de pr\u00e9paiement varient en fonction du type de chambre.Veuillez saisir les dates de votre s\u00e9jour et consulter les conditions de la chambre choisie. Enfants","og_url":"https:\/\/www.konstantinastudios.gr\/fr\/terms-conditions\/","og_site_name":"Konstantina Studios","article_modified_time":"2020-11-04T13:01:52+00:00","og_image":[{"width":1920,"height":1245,"url":"https:\/\/www.konstantinastudios.gr\/app\/uploads\/sites\/70\/2020\/11\/konstantina-studios-garden-breakfast-area_resized.jpg","type":"image\/jpeg"}],"twitter_card":"summary_large_image","twitter_misc":{"Dur\u00e9e de lecture estim\u00e9e":"1 minute"},"schema":{"@context":"https:\/\/schema.org","@graph":[{"@type":"WebPage","@id":"https:\/\/www.konstantinastudios.gr\/fr\/terms-conditions\/","url":"https:\/\/www.konstantinastudios.gr\/fr\/terms-conditions\/","name":"Termes & Conditions - Konstantina Studios","isPartOf":{"@id":"https:\/\/www.konstantinastudios.gr\/fr\/#website"},"primaryImageOfPage":{"@id":"https:\/\/www.konstantinastudios.gr\/fr\/terms-conditions\/#primaryimage"},"image":{"@id":"https:\/\/www.konstantinastudios.gr\/fr\/terms-conditions\/#primaryimage"},"thumbnailUrl":"https:\/\/www.konstantinastudios.gr\/app\/uploads\/sites\/70\/2020\/11\/konstantina-studios-garden-breakfast-area_resized.jpg","datePublished":"2018-09-10T07:47:52+00:00","dateModified":"2020-11-04T13:01:52+00:00","breadcrumb":{"@id":"https:\/\/www.konstantinastudios.gr\/fr\/terms-conditions\/#breadcrumb"},"inLanguage":"fr-FR","potentialAction":[{"@type":"ReadAction","target":["https:\/\/www.konstantinastudios.gr\/fr\/terms-conditions\/"]}]},{"@type":"ImageObject","inLanguage":"fr-FR","@id":"https:\/\/www.konstantinastudios.gr\/fr\/terms-conditions\/#primaryimage","url":"https:\/\/www.konstantinastudios.gr\/app\/uploads\/sites\/70\/2020\/11\/konstantina-studios-garden-breakfast-area_resized.jpg","contentUrl":"https:\/\/www.konstantinastudios.gr\/app\/uploads\/sites\/70\/2020\/11\/konstantina-studios-garden-breakfast-area_resized.jpg","width":1920,"height":1245},{"@type":"BreadcrumbList","@id":"https:\/\/www.konstantinastudios.gr\/fr\/terms-conditions\/#breadcrumb","itemListElement":[{"@type":"ListItem","position":1,"name":"Home","item":"https:\/\/www.konstantinastudios.gr\/fr\/"},{"@type":"ListItem","position":2,"name":"Termes &#038; Conditions"}]},{"@type":"WebSite","@id":"https:\/\/www.konstantinastudios.gr\/fr\/#website","url":"https:\/\/www.konstantinastudios.gr\/fr\/","name":"Konstantina Studios","description":"Just another Nelios CMS4 site","potentialAction":[{"@type":"SearchAction","target":{"@type":"EntryPoint","urlTemplate":"https:\/\/www.konstantinastudios.gr\/fr\/?s={search_term_string}"},"query-input":{"@type":"PropertyValueSpecification","valueRequired":true,"valueName":"search_term_string"}}],"inLanguage":"fr-FR"}]}},"_links":{"self":[{"href":"https:\/\/www.konstantinastudios.gr\/fr\/wp-json\/wp\/v2\/pages\/2356","targetHints":{"allow":["GET"]}}],"collection":[{"href":"https:\/\/www.konstantinastudios.gr\/fr\/wp-json\/wp\/v2\/pages"}],"about":[{"href":"https:\/\/www.konstantinastudios.gr\/fr\/wp-json\/wp\/v2\/types\/page"}],"author":[{"embeddable":true,"href":"https:\/\/www.konstantinastudios.gr\/fr\/wp-json\/wp\/v2\/users\/2"}],"replies":[{"embeddable":true,"href":"https:\/\/www.konstantinastudios.gr\/fr\/wp-json\/wp\/v2\/comments?post=2356"}],"version-history":[{"count":2,"href":"https:\/\/www.konstantinastudios.gr\/fr\/wp-json\/wp\/v2\/pages\/2356\/revisions"}],"predecessor-version":[{"id":2363,"href":"https:\/\/www.konstantinastudios.gr\/fr\/wp-json\/wp\/v2\/pages\/2356\/revisions\/2363"}],"wp:featuredmedia":[{"embeddable":true,"href":"https:\/\/www.konstantinastudios.gr\/fr\/wp-json\/wp\/v2\/media\/2154"}],"wp:attachment":[{"href":"https:\/\/www.konstantinastudios.gr\/fr\/wp-json\/wp\/v2\/media?parent=2356"}],"curies":[{"name":"wp","href":"https:\/\/api.w.org\/{rel}","templated":true}]}}