{"id":2445,"date":"2020-11-05T17:31:19","date_gmt":"2020-11-05T15:31:19","guid":{"rendered":"https:\/\/www.konstantinastudios.gr\/about-us\/"},"modified":"2020-11-10T12:06:57","modified_gmt":"2020-11-10T10:06:57","slug":"about-us","status":"publish","type":"page","link":"https:\/\/www.konstantinastudios.gr\/fr\/about-us\/","title":{"rendered":"\u00c0 propos de nous"},"content":{"rendered":"<h3>Des vacances d\u2019\u00e9t\u00e9\u2026comme chez vous!<\/h3>\n<p>Konstantina Studios consiste le choix id\u00e9al pour des vacances familiales \u00e0 Alonissos. Il s\u2019adresse \u00e0 des couples et des familles qui demandent des facilit\u00e9s modernes, de l\u2019esth\u00e9tique \u00e9lev\u00e9e, de la vue illimit\u00e9e sur la mer, de l\u2019acc\u00e8s imm\u00e9diat aux sites et aux plages de l\u2019\u00eele et avant tout de l\u2019hospitalit\u00e9 familiale. Ces studios \u00e0 Alonissos, compl\u00e8tement r\u00e9nov\u00e9s se trouvent \u00e0 une distance de 3km du port Patitiri. Ils se trouvent \u00e0 l\u2019unique lotissement traditionnel de l\u2019\u00eele, \u00e0 Chora, \u00e0 une distance tr\u00e8s limit\u00e9e de Kastro.<\/p>\n<p>En plus \u00e0 une distance de 3 minutes \u00e0 pied se trouve la place centrale du lotissement, o\u00f9 vous pouvez trouver beaucoup de magasins, de caf\u00e9 et de restaurants.Konstantina Studios a de l\u2019architecture \u00e9l\u00e9gante avec des \u00e9l\u00e9ments traditionnels. Tous les lieux de s\u00e9jour ont des balcons priv\u00e9s avec une vue splendide sur la mer, ils sont compl\u00e9tement \u00e9quip\u00e9s et sont d\u00e9cor\u00e9s de mani\u00e8re tr\u00e8s soign\u00e9e, laquelle fait \u00e9merger les d\u00e9tails qui font la diff\u00e9rence.<\/p>\n<p>En plus Konstantina Studios offrent des facilit\u00e9s modernes comme du transport gratuit du et au port, r\u00e9ception ouverte 24 heures sur 24 et acc\u00e8s illimit\u00e9 \u00e0 l\u2019internet. Au jardin tout fleuri ou \u00e0 l\u2019aisance de votre chambre vous allez d\u00e9guster le meilleur petit d\u00e9jeuner. On offre un petit d\u00e9jeuner familial \u00e0 Alonissos, qui contient des tartes faites main, des confitures, des sp\u00e9cialit\u00e9s locales faites par des produits frais d\u2019apr\u00e8s les recettes traditionnelles les plus connues, toutes pr\u00e9par\u00e9es par Konstantina, qui est l\u2019h\u00f4tesse et \u00ab\u00a0l\u2019\u00e2me\u00a0\u00bb des studios.<\/p>\n","protected":false},"excerpt":{"rendered":"<p>Des vacances d\u2019\u00e9t\u00e9\u2026comme chez vous! Konstantina Studios consiste le choix id\u00e9al pour des vacances familiales \u00e0 Alonissos. Il s\u2019adresse \u00e0 des couples et des familles qui demandent des facilit\u00e9s modernes, de l\u2019esth\u00e9tique \u00e9lev\u00e9e, de la vue illimit\u00e9e sur la mer, de l\u2019acc\u00e8s imm\u00e9diat aux sites et aux plages de l\u2019\u00eele et avant tout de l\u2019hospitalit\u00e9<\/p>\n","protected":false},"author":2,"featured_media":2146,"parent":0,"menu_order":0,"comment_status":"closed","ping_status":"closed","template":"","meta":{"_acf_changed":false,"footnotes":""},"class_list":["post-2445","page","type-page","status-publish","has-post-thumbnail","hentry"],"acf":[],"yoast_head":"<!-- This site is optimized with the Yoast SEO plugin v27.5 - https:\/\/yoast.com\/product\/yoast-seo-wordpress\/ -->\n<title>\u00c0 propos de nous - Konstantina Studios<\/title>\n<meta name=\"robots\" content=\"index, follow, max-snippet:-1, max-image-preview:large, max-video-preview:-1\" \/>\n<link rel=\"canonical\" href=\"https:\/\/www.konstantinastudios.gr\/fr\/about-us\/\" \/>\n<meta property=\"og:locale\" content=\"fr_FR\" \/>\n<meta property=\"og:type\" content=\"article\" \/>\n<meta property=\"og:title\" content=\"\u00c0 propos de nous - Konstantina Studios\" \/>\n<meta property=\"og:description\" content=\"Des vacances d\u2019\u00e9t\u00e9\u2026comme chez vous! Konstantina Studios consiste le choix id\u00e9al pour des vacances familiales \u00e0 Alonissos. Il s\u2019adresse \u00e0 des couples et des familles qui demandent des facilit\u00e9s modernes, de l\u2019esth\u00e9tique \u00e9lev\u00e9e, de la vue illimit\u00e9e sur la mer, de l\u2019acc\u00e8s imm\u00e9diat aux sites et aux plages de l\u2019\u00eele et avant tout de l\u2019hospitalit\u00e9\" \/>\n<meta property=\"og:url\" content=\"https:\/\/www.konstantinastudios.gr\/fr\/about-us\/\" \/>\n<meta property=\"og:site_name\" content=\"Konstantina Studios\" \/>\n<meta property=\"article:modified_time\" content=\"2020-11-10T10:06:57+00:00\" \/>\n<meta property=\"og:image\" content=\"https:\/\/www.konstantinastudios.gr\/app\/uploads\/sites\/70\/2020\/11\/konstantina-studios-breakfast-area_resized.jpg\" \/>\n\t<meta property=\"og:image:width\" content=\"1920\" \/>\n\t<meta property=\"og:image:height\" content=\"1245\" \/>\n\t<meta property=\"og:image:type\" content=\"image\/jpeg\" \/>\n<meta name=\"twitter:card\" content=\"summary_large_image\" \/>\n<meta name=\"twitter:label1\" content=\"Dur\u00e9e de lecture estim\u00e9e\" \/>\n\t<meta name=\"twitter:data1\" content=\"1 minute\" \/>\n<script type=\"application\/ld+json\" class=\"yoast-schema-graph\">{\"@context\":\"https:\\\/\\\/schema.org\",\"@graph\":[{\"@type\":\"WebPage\",\"@id\":\"https:\\\/\\\/www.konstantinastudios.gr\\\/fr\\\/about-us\\\/\",\"url\":\"https:\\\/\\\/www.konstantinastudios.gr\\\/fr\\\/about-us\\\/\",\"name\":\"\u00c0 propos de nous - Konstantina Studios\",\"isPartOf\":{\"@id\":\"https:\\\/\\\/www.konstantinastudios.gr\\\/fr\\\/#website\"},\"primaryImageOfPage\":{\"@id\":\"https:\\\/\\\/www.konstantinastudios.gr\\\/fr\\\/about-us\\\/#primaryimage\"},\"image\":{\"@id\":\"https:\\\/\\\/www.konstantinastudios.gr\\\/fr\\\/about-us\\\/#primaryimage\"},\"thumbnailUrl\":\"https:\\\/\\\/www.konstantinastudios.gr\\\/app\\\/uploads\\\/sites\\\/70\\\/2020\\\/11\\\/konstantina-studios-breakfast-area_resized.jpg\",\"datePublished\":\"2020-11-05T15:31:19+00:00\",\"dateModified\":\"2020-11-10T10:06:57+00:00\",\"breadcrumb\":{\"@id\":\"https:\\\/\\\/www.konstantinastudios.gr\\\/fr\\\/about-us\\\/#breadcrumb\"},\"inLanguage\":\"fr-FR\",\"potentialAction\":[{\"@type\":\"ReadAction\",\"target\":[\"https:\\\/\\\/www.konstantinastudios.gr\\\/fr\\\/about-us\\\/\"]}]},{\"@type\":\"ImageObject\",\"inLanguage\":\"fr-FR\",\"@id\":\"https:\\\/\\\/www.konstantinastudios.gr\\\/fr\\\/about-us\\\/#primaryimage\",\"url\":\"https:\\\/\\\/www.konstantinastudios.gr\\\/app\\\/uploads\\\/sites\\\/70\\\/2020\\\/11\\\/konstantina-studios-breakfast-area_resized.jpg\",\"contentUrl\":\"https:\\\/\\\/www.konstantinastudios.gr\\\/app\\\/uploads\\\/sites\\\/70\\\/2020\\\/11\\\/konstantina-studios-breakfast-area_resized.jpg\",\"width\":1920,\"height\":1245},{\"@type\":\"BreadcrumbList\",\"@id\":\"https:\\\/\\\/www.konstantinastudios.gr\\\/fr\\\/about-us\\\/#breadcrumb\",\"itemListElement\":[{\"@type\":\"ListItem\",\"position\":1,\"name\":\"Home\",\"item\":\"https:\\\/\\\/www.konstantinastudios.gr\\\/fr\\\/\"},{\"@type\":\"ListItem\",\"position\":2,\"name\":\"\u00c0 propos de nous\"}]},{\"@type\":\"WebSite\",\"@id\":\"https:\\\/\\\/www.konstantinastudios.gr\\\/fr\\\/#website\",\"url\":\"https:\\\/\\\/www.konstantinastudios.gr\\\/fr\\\/\",\"name\":\"Konstantina Studios\",\"description\":\"Just another Nelios CMS4 site\",\"potentialAction\":[{\"@type\":\"SearchAction\",\"target\":{\"@type\":\"EntryPoint\",\"urlTemplate\":\"https:\\\/\\\/www.konstantinastudios.gr\\\/fr\\\/?s={search_term_string}\"},\"query-input\":{\"@type\":\"PropertyValueSpecification\",\"valueRequired\":true,\"valueName\":\"search_term_string\"}}],\"inLanguage\":\"fr-FR\"}]}<\/script>\n<!-- \/ Yoast SEO plugin. -->","yoast_head_json":{"title":"\u00c0 propos de nous - Konstantina Studios","robots":{"index":"index","follow":"follow","max-snippet":"max-snippet:-1","max-image-preview":"max-image-preview:large","max-video-preview":"max-video-preview:-1"},"canonical":"https:\/\/www.konstantinastudios.gr\/fr\/about-us\/","og_locale":"fr_FR","og_type":"article","og_title":"\u00c0 propos de nous - Konstantina Studios","og_description":"Des vacances d\u2019\u00e9t\u00e9\u2026comme chez vous! Konstantina Studios consiste le choix id\u00e9al pour des vacances familiales \u00e0 Alonissos. Il s\u2019adresse \u00e0 des couples et des familles qui demandent des facilit\u00e9s modernes, de l\u2019esth\u00e9tique \u00e9lev\u00e9e, de la vue illimit\u00e9e sur la mer, de l\u2019acc\u00e8s imm\u00e9diat aux sites et aux plages de l\u2019\u00eele et avant tout de l\u2019hospitalit\u00e9","og_url":"https:\/\/www.konstantinastudios.gr\/fr\/about-us\/","og_site_name":"Konstantina Studios","article_modified_time":"2020-11-10T10:06:57+00:00","og_image":[{"width":1920,"height":1245,"url":"https:\/\/www.konstantinastudios.gr\/app\/uploads\/sites\/70\/2020\/11\/konstantina-studios-breakfast-area_resized.jpg","type":"image\/jpeg"}],"twitter_card":"summary_large_image","twitter_misc":{"Dur\u00e9e de lecture estim\u00e9e":"1 minute"},"schema":{"@context":"https:\/\/schema.org","@graph":[{"@type":"WebPage","@id":"https:\/\/www.konstantinastudios.gr\/fr\/about-us\/","url":"https:\/\/www.konstantinastudios.gr\/fr\/about-us\/","name":"\u00c0 propos de nous - Konstantina Studios","isPartOf":{"@id":"https:\/\/www.konstantinastudios.gr\/fr\/#website"},"primaryImageOfPage":{"@id":"https:\/\/www.konstantinastudios.gr\/fr\/about-us\/#primaryimage"},"image":{"@id":"https:\/\/www.konstantinastudios.gr\/fr\/about-us\/#primaryimage"},"thumbnailUrl":"https:\/\/www.konstantinastudios.gr\/app\/uploads\/sites\/70\/2020\/11\/konstantina-studios-breakfast-area_resized.jpg","datePublished":"2020-11-05T15:31:19+00:00","dateModified":"2020-11-10T10:06:57+00:00","breadcrumb":{"@id":"https:\/\/www.konstantinastudios.gr\/fr\/about-us\/#breadcrumb"},"inLanguage":"fr-FR","potentialAction":[{"@type":"ReadAction","target":["https:\/\/www.konstantinastudios.gr\/fr\/about-us\/"]}]},{"@type":"ImageObject","inLanguage":"fr-FR","@id":"https:\/\/www.konstantinastudios.gr\/fr\/about-us\/#primaryimage","url":"https:\/\/www.konstantinastudios.gr\/app\/uploads\/sites\/70\/2020\/11\/konstantina-studios-breakfast-area_resized.jpg","contentUrl":"https:\/\/www.konstantinastudios.gr\/app\/uploads\/sites\/70\/2020\/11\/konstantina-studios-breakfast-area_resized.jpg","width":1920,"height":1245},{"@type":"BreadcrumbList","@id":"https:\/\/www.konstantinastudios.gr\/fr\/about-us\/#breadcrumb","itemListElement":[{"@type":"ListItem","position":1,"name":"Home","item":"https:\/\/www.konstantinastudios.gr\/fr\/"},{"@type":"ListItem","position":2,"name":"\u00c0 propos de nous"}]},{"@type":"WebSite","@id":"https:\/\/www.konstantinastudios.gr\/fr\/#website","url":"https:\/\/www.konstantinastudios.gr\/fr\/","name":"Konstantina Studios","description":"Just another Nelios CMS4 site","potentialAction":[{"@type":"SearchAction","target":{"@type":"EntryPoint","urlTemplate":"https:\/\/www.konstantinastudios.gr\/fr\/?s={search_term_string}"},"query-input":{"@type":"PropertyValueSpecification","valueRequired":true,"valueName":"search_term_string"}}],"inLanguage":"fr-FR"}]}},"_links":{"self":[{"href":"https:\/\/www.konstantinastudios.gr\/fr\/wp-json\/wp\/v2\/pages\/2445","targetHints":{"allow":["GET"]}}],"collection":[{"href":"https:\/\/www.konstantinastudios.gr\/fr\/wp-json\/wp\/v2\/pages"}],"about":[{"href":"https:\/\/www.konstantinastudios.gr\/fr\/wp-json\/wp\/v2\/types\/page"}],"author":[{"embeddable":true,"href":"https:\/\/www.konstantinastudios.gr\/fr\/wp-json\/wp\/v2\/users\/2"}],"replies":[{"embeddable":true,"href":"https:\/\/www.konstantinastudios.gr\/fr\/wp-json\/wp\/v2\/comments?post=2445"}],"version-history":[{"count":6,"href":"https:\/\/www.konstantinastudios.gr\/fr\/wp-json\/wp\/v2\/pages\/2445\/revisions"}],"predecessor-version":[{"id":2468,"href":"https:\/\/www.konstantinastudios.gr\/fr\/wp-json\/wp\/v2\/pages\/2445\/revisions\/2468"}],"wp:featuredmedia":[{"embeddable":true,"href":"https:\/\/www.konstantinastudios.gr\/fr\/wp-json\/wp\/v2\/media\/2146"}],"wp:attachment":[{"href":"https:\/\/www.konstantinastudios.gr\/fr\/wp-json\/wp\/v2\/media?parent=2445"}],"curies":[{"name":"wp","href":"https:\/\/api.w.org\/{rel}","templated":true}]}}