{"id":2250,"date":"2018-09-10T10:47:50","date_gmt":"2018-09-10T07:47:50","guid":{"rendered":"https:\/\/www.konstantinastudios.gr\/services\/"},"modified":"2020-11-03T16:41:07","modified_gmt":"2020-11-03T14:41:07","slug":"services","status":"publish","type":"page","link":"https:\/\/www.konstantinastudios.gr\/it\/services\/","title":{"rendered":"STRUTTURE &#038; SERVIZI"},"content":{"rendered":"<p>Modello di autentica ospitalit\u00e0 greca!<\/p>\n<p>Konstantina Studios alla Chora di Alonissos, \u00e8 un \u00abbalcone sul mar Egeo\u00bb, \u00e8 \u00abla definizione dell&#8217; ospitalit\u00e0 \u00bb, come hanno commentato dei nostri visitatori su rinomati siti del web, esprimendo la loro opinione per il livello dell&#8217; ospitalit\u00e0. La recente ristrutturazione ha aggiunto una sensazione di freschezza, elevato buon gusto e strutture moderne negli spazi d&#8217;ospitalit\u00e0. La permanenza da Konstantina Boutique Studios fornisce un servizio personalizzato che render\u00e0 la vostra vacanza unica. Il punto di riferimento della nostra ospitalit\u00e0 \u00e8 il modo in cui accogliamo e comunichiamo con gli amici che ci scelgono per le loro vacanze.<\/p>\n<p>Invece di un servizio standard che copre semplicemente le vostre esigenze, qui troverete l&#8217;interesse personale e la cura degna della reputazione del nostro paese che ha insegnato l&#8217;ospitalit\u00e0 ed ha nominato come suo protettore Xenios Zeus. Sin dal primo momento potrete constatare di non trovarvi in un luogo di soggiorno impersonale, ma in una grande compagnia, una grande famiglia che vi tratta come un proprio membro della famiglia e non soltanto come&#8230;cliente.<\/p>\n","protected":false},"excerpt":{"rendered":"<p>Modello di autentica ospitalit\u00e0 greca! Konstantina Studios alla Chora di Alonissos, \u00e8 un \u00abbalcone sul mar Egeo\u00bb, \u00e8 \u00abla definizione dell&#8217; ospitalit\u00e0 \u00bb, come hanno commentato dei nostri visitatori su rinomati siti del web, esprimendo la loro opinione per il livello dell&#8217; ospitalit\u00e0. La recente ristrutturazione ha aggiunto una sensazione di freschezza, elevato buon gusto<\/p>\n","protected":false},"author":2,"featured_media":2176,"parent":0,"menu_order":0,"comment_status":"closed","ping_status":"closed","template":"","meta":{"_acf_changed":false,"footnotes":""},"class_list":["post-2250","page","type-page","status-publish","has-post-thumbnail","hentry"],"acf":[],"yoast_head":"<!-- This site is optimized with the Yoast SEO plugin v27.4 - https:\/\/yoast.com\/product\/yoast-seo-wordpress\/ -->\n<title>STRUTTURE &amp; SERVIZI - Konstantina Studios<\/title>\n<meta name=\"robots\" content=\"index, follow, max-snippet:-1, max-image-preview:large, max-video-preview:-1\" \/>\n<link rel=\"canonical\" href=\"https:\/\/www.konstantinastudios.gr\/it\/services\/\" \/>\n<meta property=\"og:locale\" content=\"it_IT\" \/>\n<meta property=\"og:type\" content=\"article\" \/>\n<meta property=\"og:title\" content=\"STRUTTURE &amp; SERVIZI - Konstantina Studios\" \/>\n<meta property=\"og:description\" content=\"Modello di autentica ospitalit\u00e0 greca! Konstantina Studios alla Chora di Alonissos, \u00e8 un \u00abbalcone sul mar Egeo\u00bb, \u00e8 \u00abla definizione dell&#8217; ospitalit\u00e0 \u00bb, come hanno commentato dei nostri visitatori su rinomati siti del web, esprimendo la loro opinione per il livello dell&#8217; ospitalit\u00e0. La recente ristrutturazione ha aggiunto una sensazione di freschezza, elevato buon gusto\" \/>\n<meta property=\"og:url\" content=\"https:\/\/www.konstantinastudios.gr\/it\/services\/\" \/>\n<meta property=\"og:site_name\" content=\"Konstantina Studios\" \/>\n<meta property=\"article:modified_time\" content=\"2020-11-03T14:41:07+00:00\" \/>\n<meta property=\"og:image\" content=\"https:\/\/www.konstantinastudios.gr\/app\/uploads\/sites\/70\/2020\/11\/breakfast-area_resized.jpg\" \/>\n\t<meta property=\"og:image:width\" content=\"1717\" \/>\n\t<meta property=\"og:image:height\" content=\"1280\" \/>\n\t<meta property=\"og:image:type\" content=\"image\/jpeg\" \/>\n<meta name=\"twitter:card\" content=\"summary_large_image\" \/>\n<meta name=\"twitter:label1\" content=\"Tempo di lettura stimato\" \/>\n\t<meta name=\"twitter:data1\" content=\"1 minuto\" \/>\n<script type=\"application\/ld+json\" class=\"yoast-schema-graph\">{\"@context\":\"https:\\\/\\\/schema.org\",\"@graph\":[{\"@type\":\"WebPage\",\"@id\":\"https:\\\/\\\/www.konstantinastudios.gr\\\/it\\\/services\\\/\",\"url\":\"https:\\\/\\\/www.konstantinastudios.gr\\\/it\\\/services\\\/\",\"name\":\"STRUTTURE & SERVIZI - Konstantina Studios\",\"isPartOf\":{\"@id\":\"https:\\\/\\\/www.konstantinastudios.gr\\\/it\\\/#website\"},\"primaryImageOfPage\":{\"@id\":\"https:\\\/\\\/www.konstantinastudios.gr\\\/it\\\/services\\\/#primaryimage\"},\"image\":{\"@id\":\"https:\\\/\\\/www.konstantinastudios.gr\\\/it\\\/services\\\/#primaryimage\"},\"thumbnailUrl\":\"https:\\\/\\\/www.konstantinastudios.gr\\\/app\\\/uploads\\\/sites\\\/70\\\/2020\\\/11\\\/breakfast-area_resized.jpg\",\"datePublished\":\"2018-09-10T07:47:50+00:00\",\"dateModified\":\"2020-11-03T14:41:07+00:00\",\"breadcrumb\":{\"@id\":\"https:\\\/\\\/www.konstantinastudios.gr\\\/it\\\/services\\\/#breadcrumb\"},\"inLanguage\":\"it-IT\",\"potentialAction\":[{\"@type\":\"ReadAction\",\"target\":[\"https:\\\/\\\/www.konstantinastudios.gr\\\/it\\\/services\\\/\"]}]},{\"@type\":\"ImageObject\",\"inLanguage\":\"it-IT\",\"@id\":\"https:\\\/\\\/www.konstantinastudios.gr\\\/it\\\/services\\\/#primaryimage\",\"url\":\"https:\\\/\\\/www.konstantinastudios.gr\\\/app\\\/uploads\\\/sites\\\/70\\\/2020\\\/11\\\/breakfast-area_resized.jpg\",\"contentUrl\":\"https:\\\/\\\/www.konstantinastudios.gr\\\/app\\\/uploads\\\/sites\\\/70\\\/2020\\\/11\\\/breakfast-area_resized.jpg\",\"width\":1717,\"height\":1280},{\"@type\":\"BreadcrumbList\",\"@id\":\"https:\\\/\\\/www.konstantinastudios.gr\\\/it\\\/services\\\/#breadcrumb\",\"itemListElement\":[{\"@type\":\"ListItem\",\"position\":1,\"name\":\"Home\",\"item\":\"https:\\\/\\\/www.konstantinastudios.gr\\\/it\\\/\"},{\"@type\":\"ListItem\",\"position\":2,\"name\":\"STRUTTURE &#038; SERVIZI\"}]},{\"@type\":\"WebSite\",\"@id\":\"https:\\\/\\\/www.konstantinastudios.gr\\\/it\\\/#website\",\"url\":\"https:\\\/\\\/www.konstantinastudios.gr\\\/it\\\/\",\"name\":\"Konstantina Studios\",\"description\":\"Just another Nelios CMS4 site\",\"potentialAction\":[{\"@type\":\"SearchAction\",\"target\":{\"@type\":\"EntryPoint\",\"urlTemplate\":\"https:\\\/\\\/www.konstantinastudios.gr\\\/it\\\/?s={search_term_string}\"},\"query-input\":{\"@type\":\"PropertyValueSpecification\",\"valueRequired\":true,\"valueName\":\"search_term_string\"}}],\"inLanguage\":\"it-IT\"}]}<\/script>\n<!-- \/ Yoast SEO plugin. -->","yoast_head_json":{"title":"STRUTTURE & SERVIZI - Konstantina Studios","robots":{"index":"index","follow":"follow","max-snippet":"max-snippet:-1","max-image-preview":"max-image-preview:large","max-video-preview":"max-video-preview:-1"},"canonical":"https:\/\/www.konstantinastudios.gr\/it\/services\/","og_locale":"it_IT","og_type":"article","og_title":"STRUTTURE & SERVIZI - Konstantina Studios","og_description":"Modello di autentica ospitalit\u00e0 greca! Konstantina Studios alla Chora di Alonissos, \u00e8 un \u00abbalcone sul mar Egeo\u00bb, \u00e8 \u00abla definizione dell&#8217; ospitalit\u00e0 \u00bb, come hanno commentato dei nostri visitatori su rinomati siti del web, esprimendo la loro opinione per il livello dell&#8217; ospitalit\u00e0. La recente ristrutturazione ha aggiunto una sensazione di freschezza, elevato buon gusto","og_url":"https:\/\/www.konstantinastudios.gr\/it\/services\/","og_site_name":"Konstantina Studios","article_modified_time":"2020-11-03T14:41:07+00:00","og_image":[{"width":1717,"height":1280,"url":"https:\/\/www.konstantinastudios.gr\/app\/uploads\/sites\/70\/2020\/11\/breakfast-area_resized.jpg","type":"image\/jpeg"}],"twitter_card":"summary_large_image","twitter_misc":{"Tempo di lettura stimato":"1 minuto"},"schema":{"@context":"https:\/\/schema.org","@graph":[{"@type":"WebPage","@id":"https:\/\/www.konstantinastudios.gr\/it\/services\/","url":"https:\/\/www.konstantinastudios.gr\/it\/services\/","name":"STRUTTURE & SERVIZI - Konstantina Studios","isPartOf":{"@id":"https:\/\/www.konstantinastudios.gr\/it\/#website"},"primaryImageOfPage":{"@id":"https:\/\/www.konstantinastudios.gr\/it\/services\/#primaryimage"},"image":{"@id":"https:\/\/www.konstantinastudios.gr\/it\/services\/#primaryimage"},"thumbnailUrl":"https:\/\/www.konstantinastudios.gr\/app\/uploads\/sites\/70\/2020\/11\/breakfast-area_resized.jpg","datePublished":"2018-09-10T07:47:50+00:00","dateModified":"2020-11-03T14:41:07+00:00","breadcrumb":{"@id":"https:\/\/www.konstantinastudios.gr\/it\/services\/#breadcrumb"},"inLanguage":"it-IT","potentialAction":[{"@type":"ReadAction","target":["https:\/\/www.konstantinastudios.gr\/it\/services\/"]}]},{"@type":"ImageObject","inLanguage":"it-IT","@id":"https:\/\/www.konstantinastudios.gr\/it\/services\/#primaryimage","url":"https:\/\/www.konstantinastudios.gr\/app\/uploads\/sites\/70\/2020\/11\/breakfast-area_resized.jpg","contentUrl":"https:\/\/www.konstantinastudios.gr\/app\/uploads\/sites\/70\/2020\/11\/breakfast-area_resized.jpg","width":1717,"height":1280},{"@type":"BreadcrumbList","@id":"https:\/\/www.konstantinastudios.gr\/it\/services\/#breadcrumb","itemListElement":[{"@type":"ListItem","position":1,"name":"Home","item":"https:\/\/www.konstantinastudios.gr\/it\/"},{"@type":"ListItem","position":2,"name":"STRUTTURE &#038; SERVIZI"}]},{"@type":"WebSite","@id":"https:\/\/www.konstantinastudios.gr\/it\/#website","url":"https:\/\/www.konstantinastudios.gr\/it\/","name":"Konstantina Studios","description":"Just another Nelios CMS4 site","potentialAction":[{"@type":"SearchAction","target":{"@type":"EntryPoint","urlTemplate":"https:\/\/www.konstantinastudios.gr\/it\/?s={search_term_string}"},"query-input":{"@type":"PropertyValueSpecification","valueRequired":true,"valueName":"search_term_string"}}],"inLanguage":"it-IT"}]}},"_links":{"self":[{"href":"https:\/\/www.konstantinastudios.gr\/it\/wp-json\/wp\/v2\/pages\/2250","targetHints":{"allow":["GET"]}}],"collection":[{"href":"https:\/\/www.konstantinastudios.gr\/it\/wp-json\/wp\/v2\/pages"}],"about":[{"href":"https:\/\/www.konstantinastudios.gr\/it\/wp-json\/wp\/v2\/types\/page"}],"author":[{"embeddable":true,"href":"https:\/\/www.konstantinastudios.gr\/it\/wp-json\/wp\/v2\/users\/2"}],"replies":[{"embeddable":true,"href":"https:\/\/www.konstantinastudios.gr\/it\/wp-json\/wp\/v2\/comments?post=2250"}],"version-history":[{"count":6,"href":"https:\/\/www.konstantinastudios.gr\/it\/wp-json\/wp\/v2\/pages\/2250\/revisions"}],"predecessor-version":[{"id":2274,"href":"https:\/\/www.konstantinastudios.gr\/it\/wp-json\/wp\/v2\/pages\/2250\/revisions\/2274"}],"wp:featuredmedia":[{"embeddable":true,"href":"https:\/\/www.konstantinastudios.gr\/it\/wp-json\/wp\/v2\/media\/2176"}],"wp:attachment":[{"href":"https:\/\/www.konstantinastudios.gr\/it\/wp-json\/wp\/v2\/media?parent=2250"}],"curies":[{"name":"wp","href":"https:\/\/api.w.org\/{rel}","templated":true}]}}