{"id":2315,"date":"2018-09-10T10:47:55","date_gmt":"2018-09-10T07:47:55","guid":{"rendered":"https:\/\/www.konstantinastudios.gr\/activities\/"},"modified":"2020-11-23T17:27:40","modified_gmt":"2020-11-23T15:27:40","slug":"activities","status":"publish","type":"page","link":"https:\/\/www.konstantinastudios.gr\/it\/activities\/","title":{"rendered":"ATTIVIT\u00c0"},"content":{"rendered":"<p>Conoscete Alonissos da un altro punto di vista!<\/p>\n<p>Alonissos \u00e8 una delle isole pi\u00f9 belle e pi\u00f9 rinomate delle Sporadi che ogni anno concentra migliaia di visitatori da tutto il mondo. Dispone di tutti quegli elementi che la rendono una delle mete estive greche pi\u00f9 conosciute. Bellissima natura verde, folte pinete, spiagge magnifiche, incontaminate e dalle acque azzurre, attrazioni storiche, moderni servizi di accoglienza ed una famosa cucina tradizionale. Inoltre viene considerata uno degli ultimi paradisi ecologici visto che, oltre ai suoi bellissimi e incontaminati paesaggi, corrisponde anche al luogo di visita del Parco Marino, unico nella sua specie nel Mediterraneo e fra gli ultimi rifugi delle foche \u00abMonachus \u2013 Monachus\u00bb, il segno distintivo di Alonissos.<\/p>\n<p>Oltre a quanto detto sopra, Konstantina Studios alla Chora di Alonissos vi propone delle attivit\u00e0 alternative all&#8217;aperto e proposte di escursioni per scoprire la bellezza, la tradizione e la fisionomia dell&#8217;isola da un altro punto di vista che vi impressioner\u00e0.<\/p>\n","protected":false},"excerpt":{"rendered":"<p>Conoscete Alonissos da un altro punto di vista! Alonissos \u00e8 una delle isole pi\u00f9 belle e pi\u00f9 rinomate delle Sporadi che ogni anno concentra migliaia di visitatori da tutto il mondo. Dispone di tutti quegli elementi che la rendono una delle mete estive greche pi\u00f9 conosciute. Bellissima natura verde, folte pinete, spiagge magnifiche, incontaminate e<\/p>\n","protected":false},"author":2,"featured_media":2513,"parent":0,"menu_order":0,"comment_status":"closed","ping_status":"closed","template":"","meta":{"_acf_changed":false,"footnotes":""},"class_list":["post-2315","page","type-page","status-publish","has-post-thumbnail","hentry"],"acf":[],"yoast_head":"<!-- This site is optimized with the Yoast SEO plugin v27.5 - https:\/\/yoast.com\/product\/yoast-seo-wordpress\/ -->\n<title>ATTIVIT\u00c0 - Konstantina Studios<\/title>\n<meta name=\"robots\" content=\"index, follow, max-snippet:-1, max-image-preview:large, max-video-preview:-1\" \/>\n<link rel=\"canonical\" href=\"https:\/\/www.konstantinastudios.gr\/it\/activities\/\" \/>\n<meta property=\"og:locale\" content=\"it_IT\" \/>\n<meta property=\"og:type\" content=\"article\" \/>\n<meta property=\"og:title\" content=\"ATTIVIT\u00c0 - Konstantina Studios\" \/>\n<meta property=\"og:description\" content=\"Conoscete Alonissos da un altro punto di vista! Alonissos \u00e8 una delle isole pi\u00f9 belle e pi\u00f9 rinomate delle Sporadi che ogni anno concentra migliaia di visitatori da tutto il mondo. Dispone di tutti quegli elementi che la rendono una delle mete estive greche pi\u00f9 conosciute. Bellissima natura verde, folte pinete, spiagge magnifiche, incontaminate e\" \/>\n<meta property=\"og:url\" content=\"https:\/\/www.konstantinastudios.gr\/it\/activities\/\" \/>\n<meta property=\"og:site_name\" content=\"Konstantina Studios\" \/>\n<meta property=\"article:modified_time\" content=\"2020-11-23T15:27:40+00:00\" \/>\n<meta property=\"og:image\" content=\"https:\/\/www.konstantinastudios.gr\/app\/uploads\/sites\/70\/2020\/11\/p8051234_resized.jpg\" \/>\n\t<meta property=\"og:image:width\" content=\"1706\" \/>\n\t<meta property=\"og:image:height\" content=\"1280\" \/>\n\t<meta property=\"og:image:type\" content=\"image\/jpeg\" \/>\n<meta name=\"twitter:card\" content=\"summary_large_image\" \/>\n<meta name=\"twitter:label1\" content=\"Tempo di lettura stimato\" \/>\n\t<meta name=\"twitter:data1\" content=\"1 minuto\" \/>\n<script type=\"application\/ld+json\" class=\"yoast-schema-graph\">{\"@context\":\"https:\\\/\\\/schema.org\",\"@graph\":[{\"@type\":\"WebPage\",\"@id\":\"https:\\\/\\\/www.konstantinastudios.gr\\\/it\\\/activities\\\/\",\"url\":\"https:\\\/\\\/www.konstantinastudios.gr\\\/it\\\/activities\\\/\",\"name\":\"ATTIVIT\u00c0 - Konstantina Studios\",\"isPartOf\":{\"@id\":\"https:\\\/\\\/www.konstantinastudios.gr\\\/it\\\/#website\"},\"primaryImageOfPage\":{\"@id\":\"https:\\\/\\\/www.konstantinastudios.gr\\\/it\\\/activities\\\/#primaryimage\"},\"image\":{\"@id\":\"https:\\\/\\\/www.konstantinastudios.gr\\\/it\\\/activities\\\/#primaryimage\"},\"thumbnailUrl\":\"https:\\\/\\\/www.konstantinastudios.gr\\\/app\\\/uploads\\\/sites\\\/70\\\/2020\\\/11\\\/p8051234_resized.jpg\",\"datePublished\":\"2018-09-10T07:47:55+00:00\",\"dateModified\":\"2020-11-23T15:27:40+00:00\",\"breadcrumb\":{\"@id\":\"https:\\\/\\\/www.konstantinastudios.gr\\\/it\\\/activities\\\/#breadcrumb\"},\"inLanguage\":\"it-IT\",\"potentialAction\":[{\"@type\":\"ReadAction\",\"target\":[\"https:\\\/\\\/www.konstantinastudios.gr\\\/it\\\/activities\\\/\"]}]},{\"@type\":\"ImageObject\",\"inLanguage\":\"it-IT\",\"@id\":\"https:\\\/\\\/www.konstantinastudios.gr\\\/it\\\/activities\\\/#primaryimage\",\"url\":\"https:\\\/\\\/www.konstantinastudios.gr\\\/app\\\/uploads\\\/sites\\\/70\\\/2020\\\/11\\\/p8051234_resized.jpg\",\"contentUrl\":\"https:\\\/\\\/www.konstantinastudios.gr\\\/app\\\/uploads\\\/sites\\\/70\\\/2020\\\/11\\\/p8051234_resized.jpg\",\"width\":1706,\"height\":1280,\"caption\":\"OLYMPUS DIGITAL CAMERA\"},{\"@type\":\"BreadcrumbList\",\"@id\":\"https:\\\/\\\/www.konstantinastudios.gr\\\/it\\\/activities\\\/#breadcrumb\",\"itemListElement\":[{\"@type\":\"ListItem\",\"position\":1,\"name\":\"Home\",\"item\":\"https:\\\/\\\/www.konstantinastudios.gr\\\/it\\\/\"},{\"@type\":\"ListItem\",\"position\":2,\"name\":\"ATTIVIT\u00c0\"}]},{\"@type\":\"WebSite\",\"@id\":\"https:\\\/\\\/www.konstantinastudios.gr\\\/it\\\/#website\",\"url\":\"https:\\\/\\\/www.konstantinastudios.gr\\\/it\\\/\",\"name\":\"Konstantina Studios\",\"description\":\"Just another Nelios CMS4 site\",\"potentialAction\":[{\"@type\":\"SearchAction\",\"target\":{\"@type\":\"EntryPoint\",\"urlTemplate\":\"https:\\\/\\\/www.konstantinastudios.gr\\\/it\\\/?s={search_term_string}\"},\"query-input\":{\"@type\":\"PropertyValueSpecification\",\"valueRequired\":true,\"valueName\":\"search_term_string\"}}],\"inLanguage\":\"it-IT\"}]}<\/script>\n<!-- \/ Yoast SEO plugin. -->","yoast_head_json":{"title":"ATTIVIT\u00c0 - Konstantina Studios","robots":{"index":"index","follow":"follow","max-snippet":"max-snippet:-1","max-image-preview":"max-image-preview:large","max-video-preview":"max-video-preview:-1"},"canonical":"https:\/\/www.konstantinastudios.gr\/it\/activities\/","og_locale":"it_IT","og_type":"article","og_title":"ATTIVIT\u00c0 - Konstantina Studios","og_description":"Conoscete Alonissos da un altro punto di vista! Alonissos \u00e8 una delle isole pi\u00f9 belle e pi\u00f9 rinomate delle Sporadi che ogni anno concentra migliaia di visitatori da tutto il mondo. Dispone di tutti quegli elementi che la rendono una delle mete estive greche pi\u00f9 conosciute. Bellissima natura verde, folte pinete, spiagge magnifiche, incontaminate e","og_url":"https:\/\/www.konstantinastudios.gr\/it\/activities\/","og_site_name":"Konstantina Studios","article_modified_time":"2020-11-23T15:27:40+00:00","og_image":[{"width":1706,"height":1280,"url":"https:\/\/www.konstantinastudios.gr\/app\/uploads\/sites\/70\/2020\/11\/p8051234_resized.jpg","type":"image\/jpeg"}],"twitter_card":"summary_large_image","twitter_misc":{"Tempo di lettura stimato":"1 minuto"},"schema":{"@context":"https:\/\/schema.org","@graph":[{"@type":"WebPage","@id":"https:\/\/www.konstantinastudios.gr\/it\/activities\/","url":"https:\/\/www.konstantinastudios.gr\/it\/activities\/","name":"ATTIVIT\u00c0 - Konstantina Studios","isPartOf":{"@id":"https:\/\/www.konstantinastudios.gr\/it\/#website"},"primaryImageOfPage":{"@id":"https:\/\/www.konstantinastudios.gr\/it\/activities\/#primaryimage"},"image":{"@id":"https:\/\/www.konstantinastudios.gr\/it\/activities\/#primaryimage"},"thumbnailUrl":"https:\/\/www.konstantinastudios.gr\/app\/uploads\/sites\/70\/2020\/11\/p8051234_resized.jpg","datePublished":"2018-09-10T07:47:55+00:00","dateModified":"2020-11-23T15:27:40+00:00","breadcrumb":{"@id":"https:\/\/www.konstantinastudios.gr\/it\/activities\/#breadcrumb"},"inLanguage":"it-IT","potentialAction":[{"@type":"ReadAction","target":["https:\/\/www.konstantinastudios.gr\/it\/activities\/"]}]},{"@type":"ImageObject","inLanguage":"it-IT","@id":"https:\/\/www.konstantinastudios.gr\/it\/activities\/#primaryimage","url":"https:\/\/www.konstantinastudios.gr\/app\/uploads\/sites\/70\/2020\/11\/p8051234_resized.jpg","contentUrl":"https:\/\/www.konstantinastudios.gr\/app\/uploads\/sites\/70\/2020\/11\/p8051234_resized.jpg","width":1706,"height":1280,"caption":"OLYMPUS DIGITAL CAMERA"},{"@type":"BreadcrumbList","@id":"https:\/\/www.konstantinastudios.gr\/it\/activities\/#breadcrumb","itemListElement":[{"@type":"ListItem","position":1,"name":"Home","item":"https:\/\/www.konstantinastudios.gr\/it\/"},{"@type":"ListItem","position":2,"name":"ATTIVIT\u00c0"}]},{"@type":"WebSite","@id":"https:\/\/www.konstantinastudios.gr\/it\/#website","url":"https:\/\/www.konstantinastudios.gr\/it\/","name":"Konstantina Studios","description":"Just another Nelios CMS4 site","potentialAction":[{"@type":"SearchAction","target":{"@type":"EntryPoint","urlTemplate":"https:\/\/www.konstantinastudios.gr\/it\/?s={search_term_string}"},"query-input":{"@type":"PropertyValueSpecification","valueRequired":true,"valueName":"search_term_string"}}],"inLanguage":"it-IT"}]}},"_links":{"self":[{"href":"https:\/\/www.konstantinastudios.gr\/it\/wp-json\/wp\/v2\/pages\/2315","targetHints":{"allow":["GET"]}}],"collection":[{"href":"https:\/\/www.konstantinastudios.gr\/it\/wp-json\/wp\/v2\/pages"}],"about":[{"href":"https:\/\/www.konstantinastudios.gr\/it\/wp-json\/wp\/v2\/types\/page"}],"author":[{"embeddable":true,"href":"https:\/\/www.konstantinastudios.gr\/it\/wp-json\/wp\/v2\/users\/2"}],"replies":[{"embeddable":true,"href":"https:\/\/www.konstantinastudios.gr\/it\/wp-json\/wp\/v2\/comments?post=2315"}],"version-history":[{"count":2,"href":"https:\/\/www.konstantinastudios.gr\/it\/wp-json\/wp\/v2\/pages\/2315\/revisions"}],"predecessor-version":[{"id":2320,"href":"https:\/\/www.konstantinastudios.gr\/it\/wp-json\/wp\/v2\/pages\/2315\/revisions\/2320"}],"wp:featuredmedia":[{"embeddable":true,"href":"https:\/\/www.konstantinastudios.gr\/it\/wp-json\/wp\/v2\/media\/2513"}],"wp:attachment":[{"href":"https:\/\/www.konstantinastudios.gr\/it\/wp-json\/wp\/v2\/media?parent=2315"}],"curies":[{"name":"wp","href":"https:\/\/api.w.org\/{rel}","templated":true}]}}